{"id":1037,"date":"2022-11-13T16:54:47","date_gmt":"2022-11-13T15:54:47","guid":{"rendered":"http:\/\/aurorebagarry.com\/?page_id=1037"},"modified":"2025-09-05T14:30:01","modified_gmt":"2025-09-05T12:30:01","slug":"livres","status":"publish","type":"page","link":"https:\/\/aurorebagarry.com\/index.php\/livres\/","title":{"rendered":"Livres"},"content":{"rendered":"\n<div class=\"wp-block-media-text is-stacked-on-mobile\" style=\"grid-template-columns:40% auto\"><figure class=\"wp-block-media-text__media\"><img loading=\"lazy\" decoding=\"async\" width=\"316\" height=\"402\" src=\"https:\/\/aurorebagarry.com\/wp-content\/uploads\/2025\/02\/cy3viuhgflvf-316x402-1.jpg\" alt=\"\" class=\"wp-image-1415 size-full\" srcset=\"https:\/\/aurorebagarry.com\/wp-content\/uploads\/2025\/02\/cy3viuhgflvf-316x402-1.jpg 316w, https:\/\/aurorebagarry.com\/wp-content\/uploads\/2025\/02\/cy3viuhgflvf-316x402-1-236x300.jpg 236w\" sizes=\"auto, (max-width: 316px) 100vw, 316px\" \/><\/figure><div class=\"wp-block-media-text__content\">\n<p><a href=\"https:\/\/gwinzegal.com\/editions\/de-la-cote-aurore-bagarry\"><strong><em>De la c\u00f4te<\/em>,<\/strong> <strong>Editions GwinZegal<\/strong>, 2025<\/a><br><br>Avec le soutien du FRAC Bretagne, du Centre d\u2019art GwinZegal et de Passerelle Centre d\u2019art contemporain, Brest. <\/p>\n\n\n\n<p>Textes : Philippe Boulvais, Vava Dudu et J\u00e9r\u00f4me Sother <br><br>21 \u00d7 26 CM, 100 pages, ISBN 9791094060483, 38 \u20ac<\/p>\n<\/div><\/div>\n\n\n\n<p><a href=\"https:\/\/gwinzegal.com\/editions\/de-la-cote-aurore-bagarry\"><\/a><\/p>\n\n\n\n<div class=\"wp-block-columns alignwide is-layout-flex wp-container-core-columns-is-layout-9d6595d7 wp-block-columns-is-layout-flex\">\n<div class=\"wp-block-column is-layout-flow wp-block-column-is-layout-flow\" style=\"flex-basis:50%\">\n<figure class=\"wp-block-image\"><img loading=\"lazy\" decoding=\"async\" width=\"850\" height=\"850\" src=\"https:\/\/aurorebagarry.com\/wp-content\/uploads\/2022\/03\/glaciersmockupbd.jpg\" alt=\"\" class=\"wp-image-833\" srcset=\"https:\/\/aurorebagarry.com\/wp-content\/uploads\/2022\/03\/glaciersmockupbd.jpg 850w, https:\/\/aurorebagarry.com\/wp-content\/uploads\/2022\/03\/glaciersmockupbd-300x300.jpg 300w, https:\/\/aurorebagarry.com\/wp-content\/uploads\/2022\/03\/glaciersmockupbd-150x150.jpg 150w, https:\/\/aurorebagarry.com\/wp-content\/uploads\/2022\/03\/glaciersmockupbd-768x768.jpg 768w, https:\/\/aurorebagarry.com\/wp-content\/uploads\/2022\/03\/glaciersmockupbd-624x624.jpg 624w\" sizes=\"auto, (max-width: 850px) 100vw, 850px\" \/><\/figure>\n<\/div>\n\n\n\n<div class=\"wp-block-column is-layout-flow wp-block-column-is-layout-flow\" style=\"flex-basis:50%\">\n<p><\/p>\n\n\n\n<p><em><a href=\"https:\/\/editions.hartpon.com\/4157\/glaciers-edition-integrale-aurore-bagarry\/\">Glaciers, \u00e9dition int\u00e9grale<\/a><\/em><\/p>\n\n\n\n<p class=\"has-small-font-size\">Avec : <strong>Luce Lebart<\/strong>, Historienne de la photographie ; <strong>Luc Moreau<\/strong>, Glaciologue, Docteur en g\u00e9ographie alpine ; <strong>Michel Poivert<\/strong>, Historien de la photographie ; <strong>Vincent Chanson<\/strong>, Docteur en philosophie et <strong>Sophie Justice<\/strong>, Coordinatrice du G\u00e9oparc mondial UNESCO du Chablais, Docteur en g\u00e9ologie.<br>Conception graphique : <strong>Patrice Renard.<\/strong> Fran\u00e7ais, 208 pages, 24 x 30 cm, imprim\u00e9 sur couch\u00e9 mat GPrint 170 gr et Nettuno Acquamarina (Fredrigoni). Couverture int\u00e9gra toil\u00e9e (Toile du Marais). <a href=\"https:\/\/editions.hartpon.com\/3999\/souscription-glaciers-2022-edition-integrale\/\" target=\"_blank\" rel=\"noreferrer noopener\"><strong>Editions h\u2019artpon,<\/strong> mars 2022<\/a><\/p>\n<\/div>\n<\/div>\n\n\n\n<p>&#8221; L\u2019\u0153uvre d\u2019Aurore Bagarry est embl\u00e9matique d\u2019une photographie contemporaine soucieuse de se reconnecter au monde. Loin du flux des images et de leur consommation, il s\u2019agit ici d\u2019exp\u00e9rimenter, d\u2019engager le corps, de mesurer ce qui nous relie \u00e0 la r\u00e9alit\u00e9 du temps comme \u00e0 celle des \u00e9l\u00e9ments.<br>Rien mieux que la marche et l\u2019ascension des reliefs ne permet de reposer la d\u00e9finition de la photographie elle-m\u00eame : la qu\u00eate lente d\u2019un point de vue sur le monde. Ce monde, le glacier en est l\u2019\u00e9trange messager &#8211; avec lui la noblesse des monuments rejoint aujourd\u2019hui le charme des ruines. R\u00e9sultat des changements du climat, il devient l\u2019objet des m\u00e9tamorphoses plastiques de notre environnement.<br>Aurore Bagarry nous interroge : cette beaut\u00e9 encombrante d\u2019un monde aux fronti\u00e8res de lui-m\u00eame peut-elle nous \u00e9mouvoir sans nous distraire de nos responsabilit\u00e9s ? Et si le d\u00e9fi des ascensions, l\u2019exigence de la pratique photographique, la volont\u00e9 d\u2019utiliser les moyens analogiques de l\u2019argentique et l\u2019incertitude des r\u00e9sultats attendus formaient une sorte d\u2019asc\u00e8se ? Comment va la beaut\u00e9 \u00e0 l\u2019heure des inqui\u00e9tudes ? Voil\u00e0 une \u0153uvre photographique tout enti\u00e8re consacr\u00e9e \u00e0 la beaut\u00e9 malade, et aux moyens de nous reconnecter \u00e0 la matrice de la nature.&#8221;<br><strong>Michel Poivert<\/strong>, extrait du livre <em>Glaciers<\/em>, \u00e9ditions Hartpon 2022<\/p>\n\n\n\n<div class=\"wp-block-columns alignwide is-layout-flex wp-container-core-columns-is-layout-9d6595d7 wp-block-columns-is-layout-flex\">\n<div class=\"wp-block-column is-layout-flow wp-block-column-is-layout-flow\" style=\"flex-basis:40%\">\n<figure class=\"wp-block-image size-full\"><img loading=\"lazy\" decoding=\"async\" width=\"2560\" height=\"2560\" src=\"https:\/\/aurorebagarry.com\/wp-content\/uploads\/2022\/09\/capture_Approcher_couv-scaled.jpg\" alt=\"\" class=\"wp-image-990\" srcset=\"https:\/\/aurorebagarry.com\/wp-content\/uploads\/2022\/09\/capture_Approcher_couv-scaled.jpg 2560w, https:\/\/aurorebagarry.com\/wp-content\/uploads\/2022\/09\/capture_Approcher_couv-300x300.jpg 300w, https:\/\/aurorebagarry.com\/wp-content\/uploads\/2022\/09\/capture_Approcher_couv-1024x1024.jpg 1024w, https:\/\/aurorebagarry.com\/wp-content\/uploads\/2022\/09\/capture_Approcher_couv-150x150.jpg 150w, https:\/\/aurorebagarry.com\/wp-content\/uploads\/2022\/09\/capture_Approcher_couv-768x768.jpg 768w, https:\/\/aurorebagarry.com\/wp-content\/uploads\/2022\/09\/capture_Approcher_couv-1536x1536.jpg 1536w, https:\/\/aurorebagarry.com\/wp-content\/uploads\/2022\/09\/capture_Approcher_couv-2048x2048.jpg 2048w, https:\/\/aurorebagarry.com\/wp-content\/uploads\/2022\/09\/capture_Approcher_couv-624x624.jpg 624w\" sizes=\"auto, (max-width: 2560px) 100vw, 2560px\" \/><\/figure>\n<\/div>\n\n\n\n<div class=\"wp-block-column is-layout-flow wp-block-column-is-layout-flow\" style=\"flex-basis:60%\">\n<p><\/p>\n\n\n\n<p><a href=\"https:\/\/capture.hartpon.com\/\">Capture #4 : <em>Approcher les glaciers<\/em><\/a><\/p>\n\n\n\n<p class=\"has-small-font-size\">Avec: <strong>Am\u00e9lie Lucas-Gary<\/strong>, autrice,&nbsp;et&nbsp;<strong>Daniel Girardin<\/strong>, historien de la photographie.<br>Conception graphique : <strong>Patrice Renard<\/strong><br>Editions Hartpon, septembre 2022<br>175x240mm<\/p>\n<\/div>\n<\/div>\n\n\n\n<div class=\"wp-block-columns alignwide is-layout-flex wp-container-core-columns-is-layout-9d6595d7 wp-block-columns-is-layout-flex\">\n<div class=\"wp-block-column is-layout-flow wp-block-column-is-layout-flow\" style=\"flex-basis:35%\">\n<figure class=\"wp-block-image\"><img decoding=\"async\" src=\"https:\/\/aurorebagarry.com\/wp-content\/uploads\/2020\/12\/201110_jaquette-2-870x1024.jpg\" alt=\"\"\/><\/figure>\n<\/div>\n\n\n\n<div class=\"wp-block-column is-layout-flow wp-block-column-is-layout-flow\" style=\"flex-basis:65%\">\n<p><\/p>\n\n\n\n<p><a href=\"https:\/\/gwinzegal.com\/editions\/roches\"><em>Roches<\/em><\/a><\/p>\n\n\n\n<p class=\"has-small-font-size\">Avec le philosophe <a href=\"https:\/\/www.franceculture.fr\/personne-gilles-a-tiberghien.html\"><strong>Gilles A. Tiberghien<\/strong><\/a><br>Les g\u00e9ologues <a href=\"https:\/\/paleo.mnhn.fr\/fr\/annuaire\/patrick-de-wever-422\"><strong>Patrick De Wever<\/strong><\/a> (MNHN) et <strong><a href=\"https:\/\/www.researchgate.net\/profile\/Marc-Fournier-3\">Marc Fournier<\/a> <\/strong>(Sorbonne Universit\u00e9)<br>Conception graphique : <a href=\"https:\/\/www.instagram.com\/marinelethellec\/\"><strong>Marine Le Thellec<\/strong><\/a><br>fran\u00e7ais\/anglais<br>102 pages, 21&#215;26 cm<br><a href=\"https:\/\/gwinzegal.com\/editions\">Editions Gwinzegal<\/a>, d\u00e9cembre 2020.<\/p>\n<\/div>\n<\/div>\n\n\n\n<div class=\"wp-block-media-text alignwide is-stacked-on-mobile is-vertically-aligned-top is-style-default\"><figure class=\"wp-block-media-text__media\"><img loading=\"lazy\" decoding=\"async\" width=\"1024\" height=\"644\" src=\"https:\/\/aurorebagarry.com\/wp-content\/uploads\/2020\/04\/glaciers-couverturesb-1024x644.jpg\" alt=\"\" class=\"wp-image-280 size-full\" srcset=\"https:\/\/aurorebagarry.com\/wp-content\/uploads\/2020\/04\/glaciers-couverturesb-1024x644.jpg 1024w, https:\/\/aurorebagarry.com\/wp-content\/uploads\/2020\/04\/glaciers-couverturesb-300x189.jpg 300w, https:\/\/aurorebagarry.com\/wp-content\/uploads\/2020\/04\/glaciers-couverturesb-768x483.jpg 768w, https:\/\/aurorebagarry.com\/wp-content\/uploads\/2020\/04\/glaciers-couverturesb-1536x966.jpg 1536w, https:\/\/aurorebagarry.com\/wp-content\/uploads\/2020\/04\/glaciers-couverturesb-2048x1288.jpg 2048w, https:\/\/aurorebagarry.com\/wp-content\/uploads\/2020\/04\/glaciers-couverturesb-1000x629.jpg 1000w\" sizes=\"auto, (max-width: 1024px) 100vw, 1024px\" \/><\/figure><div class=\"wp-block-media-text__content\">\n<p class=\"has-small-font-size\"><br><em>Glaciers, volume 1,<\/em> \u00e9ditions Hartpon, Paris. mai 2015, 2de \u00e9dition oct 2017, \u00e9puis\u00e9<br><em>Glaciers, volume 2<\/em>, \u00e9ditions Hartpon, Paris, octobre 2017<br><br>Textes : Luce Lebart, Daniel Girardin, Am\u00e9lie Lucas-Gary, Vincent Chanson, Luc Moreau<br><br>Conception graphique : Patrice Renard et Christine Delaquaize<br><br>2 livres de 96 pages, 19.5 x 24.5 cm<\/p>\n<\/div><\/div>\n\n\n\n<div class=\"wp-block-columns alignwide has-white-background-color has-background has-small-font-size is-layout-flex wp-container-core-columns-is-layout-9d6595d7 wp-block-columns-is-layout-flex\">\n<div class=\"wp-block-column is-layout-flow wp-block-column-is-layout-flow\" style=\"flex-basis:40%\">\n<figure class=\"wp-block-image size-full\"><img loading=\"lazy\" decoding=\"async\" width=\"420\" height=\"553\" src=\"https:\/\/aurorebagarry.com\/wp-content\/uploads\/2022\/11\/9782882504470-1.jpg\" alt=\"\" class=\"wp-image-1046\" srcset=\"https:\/\/aurorebagarry.com\/wp-content\/uploads\/2022\/11\/9782882504470-1.jpg 420w, https:\/\/aurorebagarry.com\/wp-content\/uploads\/2022\/11\/9782882504470-1-228x300.jpg 228w\" sizes=\"auto, (max-width: 420px) 100vw, 420px\" \/><\/figure>\n<\/div>\n\n\n\n<div class=\"wp-block-column is-layout-flow wp-block-column-is-layout-flow\" style=\"flex-basis:60%\">\n<p><\/p>\n\n\n\n<p class=\"has-medium-font-size\">Sans limite<br>Photographies de montagne<\/p>\n\n\n\n<p class=\"has-small-font-size\"><br><a href=\"https:\/\/www.leseditionsnoirsurblanc.fr\/auteur\/daniel-girardin\/\">DANIEL GIRARDIN<\/a><br>Co\u00e9dition Noir sur Blanc \/ Mus\u00e9e de l\u2019\u00c9lys\u00e9e<br>200 photographies<\/p>\n\n\n\n<p>Catalogue de l&#8217;exposition collective, Sans Limite, Mus\u00e9e de l&#8217;Elys\u00e9e, Lausanne, 2017<\/p>\n<\/div>\n<\/div>\n\n\n<div class=\"wp-block-image\">\n<figure class=\"aligncenter size-large\"><img loading=\"lazy\" decoding=\"async\" width=\"1024\" height=\"576\" src=\"https:\/\/aurorebagarry.com\/wp-content\/uploads\/2022\/11\/Unknown_1-1024x576.jpg\" alt=\"\" class=\"wp-image-1041\" srcset=\"https:\/\/aurorebagarry.com\/wp-content\/uploads\/2022\/11\/Unknown_1-1024x576.jpg 1024w, https:\/\/aurorebagarry.com\/wp-content\/uploads\/2022\/11\/Unknown_1-300x169.jpg 300w, https:\/\/aurorebagarry.com\/wp-content\/uploads\/2022\/11\/Unknown_1-768x432.jpg 768w, https:\/\/aurorebagarry.com\/wp-content\/uploads\/2022\/11\/Unknown_1-624x351.jpg 624w, https:\/\/aurorebagarry.com\/wp-content\/uploads\/2022\/11\/Unknown_1.jpg 1230w\" sizes=\"auto, (max-width: 1024px) 100vw, 1024px\" \/><figcaption class=\"wp-element-caption\"> <em><a rel=\"noreferrer noopener\" href=\"https:\/\/www.editionstextuel.com\/livre\/regards_du_grand_paris\" target=\"_blank\">Regards du Grand Paris, Commande photographique nationale<\/a><\/em> 2016-2021, 38 artistes, 6 essais, Editions Textuel<\/figcaption><\/figure>\n<\/div>","protected":false},"excerpt":{"rendered":"<p>De la c\u00f4te, Editions GwinZegal, 2025 Avec le soutien du FRAC Bretagne, du Centre d\u2019art GwinZegal et de Passerelle Centre d\u2019art contemporain, Brest. Textes : Philippe Boulvais, Vava Dudu et J\u00e9r\u00f4me Sother 21 \u00d7 26 CM, 100 pages, ISBN 9791094060483, 38 \u20ac Glaciers, \u00e9dition int\u00e9grale Avec : Luce Lebart, Historienne de la photographie ; Luc Moreau, Glaciologue, Docteur en g\u00e9ographie alpine ; Michel Poivert, Historien de la photographie ; Vincent Chanson, Docteur en philosophie et Sophie Justice, Coordinatrice du G\u00e9oparc mondial UNESCO du Chablais, Docteur en g\u00e9ologie.Conception graphique : Patrice Renard. Fran\u00e7ais, 208 pages, 24 x 30 cm, imprim\u00e9 sur couch\u00e9 mat GPrint 170 gr et Nettuno Acquamarina (Fredrigoni). Couverture int\u00e9gra toil\u00e9e (Toile du Marais). Editions h\u2019artpon, mars 2022 &#8221; L\u2019\u0153uvre d\u2019Aurore Bagarry est embl\u00e9matique d\u2019une photographie contemporaine soucieuse de se reconnecter au monde. Loin du flux des images et de leur consommation, il s\u2019agit ici d\u2019exp\u00e9rimenter, d\u2019engager le corps, de mesurer ce qui nous relie \u00e0 la r\u00e9alit\u00e9 du temps comme \u00e0 celle des \u00e9l\u00e9ments.Rien mieux que la marche et l\u2019ascension des reliefs ne permet de reposer la d\u00e9finition de la photographie elle-m\u00eame : la qu\u00eate lente d\u2019un point de vue sur le monde. Ce monde, le glacier en est l\u2019\u00e9trange messager &#8211; avec lui la noblesse des monuments rejoint aujourd\u2019hui le charme des ruines. R\u00e9sultat des changements du climat, il devient l\u2019objet des m\u00e9tamorphoses plastiques de notre environnement.Aurore Bagarry nous interroge : cette beaut\u00e9 encombrante d\u2019un monde aux fronti\u00e8res de lui-m\u00eame peut-elle nous \u00e9mouvoir sans nous distraire de nos responsabilit\u00e9s ? Et si le d\u00e9fi des ascensions, l\u2019exigence de la pratique photographique, la volont\u00e9 d\u2019utiliser les moyens analogiques de l\u2019argentique et l\u2019incertitude des r\u00e9sultats attendus formaient une sorte d\u2019asc\u00e8se ? Comment va la beaut\u00e9 \u00e0 l\u2019heure des inqui\u00e9tudes ? Voil\u00e0 une \u0153uvre photographique tout enti\u00e8re consacr\u00e9e \u00e0 la beaut\u00e9 malade, et aux moyens de nous reconnecter \u00e0 la matrice de la nature.&#8221;Michel Poivert, extrait du livre Glaciers, \u00e9ditions Hartpon 2022 Capture #4 : Approcher les glaciers Avec: Am\u00e9lie Lucas-Gary, autrice,&nbsp;et&nbsp;Daniel Girardin, historien de la photographie.Conception graphique : Patrice RenardEditions Hartpon, septembre 2022175x240mm Roches Avec le philosophe Gilles A. TiberghienLes g\u00e9ologues Patrick De Wever (MNHN) et Marc Fournier (Sorbonne [&hellip;]<\/p>\n","protected":false},"author":1,"featured_media":0,"parent":0,"menu_order":0,"comment_status":"closed","ping_status":"closed","template":"","meta":{"footnotes":""},"class_list":["post-1037","page","type-page","status-publish","hentry"],"jetpack_sharing_enabled":true,"_links":{"self":[{"href":"https:\/\/aurorebagarry.com\/index.php\/wp-json\/wp\/v2\/pages\/1037","targetHints":{"allow":["GET"]}}],"collection":[{"href":"https:\/\/aurorebagarry.com\/index.php\/wp-json\/wp\/v2\/pages"}],"about":[{"href":"https:\/\/aurorebagarry.com\/index.php\/wp-json\/wp\/v2\/types\/page"}],"author":[{"embeddable":true,"href":"https:\/\/aurorebagarry.com\/index.php\/wp-json\/wp\/v2\/users\/1"}],"replies":[{"embeddable":true,"href":"https:\/\/aurorebagarry.com\/index.php\/wp-json\/wp\/v2\/comments?post=1037"}],"version-history":[{"count":30,"href":"https:\/\/aurorebagarry.com\/index.php\/wp-json\/wp\/v2\/pages\/1037\/revisions"}],"predecessor-version":[{"id":1532,"href":"https:\/\/aurorebagarry.com\/index.php\/wp-json\/wp\/v2\/pages\/1037\/revisions\/1532"}],"wp:attachment":[{"href":"https:\/\/aurorebagarry.com\/index.php\/wp-json\/wp\/v2\/media?parent=1037"}],"curies":[{"name":"wp","href":"https:\/\/api.w.org\/{rel}","templated":true}]}}