{"id":225,"date":"2020-04-07T11:44:45","date_gmt":"2020-04-07T09:44:45","guid":{"rendered":"http:\/\/aurorebagarry.com\/?page_id=225"},"modified":"2020-11-22T15:03:58","modified_gmt":"2020-11-22T14:03:58","slug":"sphinx","status":"publish","type":"page","link":"https:\/\/aurorebagarry.com\/index.php\/sphinx\/","title":{"rendered":"Sphinx"},"content":{"rendered":"\n<p>All\u00e9e des Sphinx reliant les temples de Louqsor et Karnak (2013-2008) <\/p>\n\n\n\n<p>Photographies documentant la r\u00e9habilitation de l\u2019all\u00e9e antique \u00e9gyptienne reliant les temples de Louqsor et de Karnak, pr\u00e9vue en 2030. Les travaux se d\u00e9roulent au coeur des villes et de nombreuses destruction de b\u00e2timents contemporains ont \u00e9t\u00e9 effectu\u00e9es.\u00a0L&#8217;\u00e9tude des ruines par les arch\u00e9ologues et la pratique de la photographie comme t\u00e9moins de l\u2019histoire, conjuguant savoir et imaginaire nous interrogent sur notre pr\u00e9sent. Quelle place donner \u00e0 l\u2019oubli ? Quelle place accorder \u00e0 la conservation ?<\/p>\n\n\n\n<figure class=\"wp-block-gallery columns-3 is-cropped wp-block-gallery-1 is-layout-flex wp-block-gallery-is-layout-flex\"><ul class=\"blocks-gallery-grid\"><li class=\"blocks-gallery-item\"><figure><a href=\"https:\/\/aurorebagarry.com\/wp-content\/uploads\/2020\/04\/2013_sphinx07.jpg\"><img loading=\"lazy\" decoding=\"async\" width=\"800\" height=\"588\" src=\"https:\/\/aurorebagarry.com\/wp-content\/uploads\/2020\/04\/2013_sphinx07.jpg\" alt=\"\" data-id=\"240\" data-full-url=\"https:\/\/aurorebagarry.com\/wp-content\/uploads\/2020\/04\/2013_sphinx07.jpg\" data-link=\"https:\/\/aurorebagarry.com\/?attachment_id=240\" class=\"wp-image-240\" srcset=\"https:\/\/aurorebagarry.com\/wp-content\/uploads\/2020\/04\/2013_sphinx07.jpg 800w, https:\/\/aurorebagarry.com\/wp-content\/uploads\/2020\/04\/2013_sphinx07-300x221.jpg 300w, https:\/\/aurorebagarry.com\/wp-content\/uploads\/2020\/04\/2013_sphinx07-768x564.jpg 768w\" sizes=\"auto, (max-width: 800px) 100vw, 800px\" \/><\/a><\/figure><\/li><li class=\"blocks-gallery-item\"><figure><a href=\"https:\/\/aurorebagarry.com\/wp-content\/uploads\/2020\/04\/2013_sphinx06.jpg\"><img loading=\"lazy\" decoding=\"async\" width=\"800\" height=\"588\" src=\"https:\/\/aurorebagarry.com\/wp-content\/uploads\/2020\/04\/2013_sphinx06.jpg\" alt=\"\" data-id=\"239\" data-full-url=\"https:\/\/aurorebagarry.com\/wp-content\/uploads\/2020\/04\/2013_sphinx06.jpg\" data-link=\"https:\/\/aurorebagarry.com\/?attachment_id=239\" class=\"wp-image-239\" srcset=\"https:\/\/aurorebagarry.com\/wp-content\/uploads\/2020\/04\/2013_sphinx06.jpg 800w, https:\/\/aurorebagarry.com\/wp-content\/uploads\/2020\/04\/2013_sphinx06-300x221.jpg 300w, https:\/\/aurorebagarry.com\/wp-content\/uploads\/2020\/04\/2013_sphinx06-768x564.jpg 768w\" sizes=\"auto, (max-width: 800px) 100vw, 800px\" \/><\/a><\/figure><\/li><li class=\"blocks-gallery-item\"><figure><a href=\"https:\/\/aurorebagarry.com\/wp-content\/uploads\/2020\/04\/2013_sphinx03.jpg\"><img loading=\"lazy\" decoding=\"async\" width=\"800\" height=\"588\" src=\"https:\/\/aurorebagarry.com\/wp-content\/uploads\/2020\/04\/2013_sphinx03.jpg\" alt=\"\" data-id=\"236\" data-full-url=\"https:\/\/aurorebagarry.com\/wp-content\/uploads\/2020\/04\/2013_sphinx03.jpg\" data-link=\"https:\/\/aurorebagarry.com\/?attachment_id=236\" class=\"wp-image-236\" srcset=\"https:\/\/aurorebagarry.com\/wp-content\/uploads\/2020\/04\/2013_sphinx03.jpg 800w, https:\/\/aurorebagarry.com\/wp-content\/uploads\/2020\/04\/2013_sphinx03-300x221.jpg 300w, https:\/\/aurorebagarry.com\/wp-content\/uploads\/2020\/04\/2013_sphinx03-768x564.jpg 768w\" sizes=\"auto, (max-width: 800px) 100vw, 800px\" \/><\/a><\/figure><\/li><li class=\"blocks-gallery-item\"><figure><a href=\"https:\/\/aurorebagarry.com\/wp-content\/uploads\/2020\/04\/2013_sphinx04.jpg\"><img loading=\"lazy\" decoding=\"async\" width=\"800\" height=\"588\" src=\"https:\/\/aurorebagarry.com\/wp-content\/uploads\/2020\/04\/2013_sphinx04.jpg\" alt=\"\" data-id=\"237\" data-full-url=\"https:\/\/aurorebagarry.com\/wp-content\/uploads\/2020\/04\/2013_sphinx04.jpg\" data-link=\"https:\/\/aurorebagarry.com\/?attachment_id=237\" class=\"wp-image-237\" srcset=\"https:\/\/aurorebagarry.com\/wp-content\/uploads\/2020\/04\/2013_sphinx04.jpg 800w, https:\/\/aurorebagarry.com\/wp-content\/uploads\/2020\/04\/2013_sphinx04-300x221.jpg 300w, https:\/\/aurorebagarry.com\/wp-content\/uploads\/2020\/04\/2013_sphinx04-768x564.jpg 768w\" sizes=\"auto, (max-width: 800px) 100vw, 800px\" \/><\/a><\/figure><\/li><li class=\"blocks-gallery-item\"><figure><a href=\"https:\/\/aurorebagarry.com\/wp-content\/uploads\/2020\/04\/2013_sphinx05.jpg\"><img loading=\"lazy\" decoding=\"async\" width=\"800\" height=\"588\" src=\"https:\/\/aurorebagarry.com\/wp-content\/uploads\/2020\/04\/2013_sphinx05.jpg\" alt=\"\" data-id=\"238\" data-full-url=\"https:\/\/aurorebagarry.com\/wp-content\/uploads\/2020\/04\/2013_sphinx05.jpg\" data-link=\"https:\/\/aurorebagarry.com\/?attachment_id=238\" class=\"wp-image-238\" srcset=\"https:\/\/aurorebagarry.com\/wp-content\/uploads\/2020\/04\/2013_sphinx05.jpg 800w, https:\/\/aurorebagarry.com\/wp-content\/uploads\/2020\/04\/2013_sphinx05-300x221.jpg 300w, https:\/\/aurorebagarry.com\/wp-content\/uploads\/2020\/04\/2013_sphinx05-768x564.jpg 768w\" sizes=\"auto, (max-width: 800px) 100vw, 800px\" \/><\/a><\/figure><\/li><li class=\"blocks-gallery-item\"><figure><a href=\"https:\/\/aurorebagarry.com\/wp-content\/uploads\/2020\/04\/2013_sphinx02.jpg\"><img loading=\"lazy\" decoding=\"async\" width=\"800\" height=\"588\" src=\"https:\/\/aurorebagarry.com\/wp-content\/uploads\/2020\/04\/2013_sphinx02.jpg\" alt=\"\" data-id=\"235\" data-full-url=\"https:\/\/aurorebagarry.com\/wp-content\/uploads\/2020\/04\/2013_sphinx02.jpg\" data-link=\"https:\/\/aurorebagarry.com\/?attachment_id=235\" class=\"wp-image-235\" srcset=\"https:\/\/aurorebagarry.com\/wp-content\/uploads\/2020\/04\/2013_sphinx02.jpg 800w, https:\/\/aurorebagarry.com\/wp-content\/uploads\/2020\/04\/2013_sphinx02-300x221.jpg 300w, https:\/\/aurorebagarry.com\/wp-content\/uploads\/2020\/04\/2013_sphinx02-768x564.jpg 768w\" sizes=\"auto, (max-width: 800px) 100vw, 800px\" \/><\/a><\/figure><\/li><li class=\"blocks-gallery-item\"><figure><a href=\"https:\/\/aurorebagarry.com\/wp-content\/uploads\/2020\/04\/2013_sphinx01.jpg\"><img loading=\"lazy\" decoding=\"async\" width=\"800\" height=\"588\" src=\"https:\/\/aurorebagarry.com\/wp-content\/uploads\/2020\/04\/2013_sphinx01.jpg\" alt=\"\" data-id=\"234\" data-full-url=\"https:\/\/aurorebagarry.com\/wp-content\/uploads\/2020\/04\/2013_sphinx01.jpg\" data-link=\"https:\/\/aurorebagarry.com\/?attachment_id=234\" class=\"wp-image-234\" srcset=\"https:\/\/aurorebagarry.com\/wp-content\/uploads\/2020\/04\/2013_sphinx01.jpg 800w, https:\/\/aurorebagarry.com\/wp-content\/uploads\/2020\/04\/2013_sphinx01-300x221.jpg 300w, https:\/\/aurorebagarry.com\/wp-content\/uploads\/2020\/04\/2013_sphinx01-768x564.jpg 768w\" sizes=\"auto, (max-width: 800px) 100vw, 800px\" \/><\/a><\/figure><\/li><li class=\"blocks-gallery-item\"><figure><a href=\"https:\/\/aurorebagarry.com\/wp-content\/uploads\/2020\/04\/2008_sphinx08.jpg\"><img loading=\"lazy\" decoding=\"async\" width=\"800\" height=\"586\" src=\"https:\/\/aurorebagarry.com\/wp-content\/uploads\/2020\/04\/2008_sphinx08.jpg\" alt=\"\" data-id=\"233\" data-full-url=\"https:\/\/aurorebagarry.com\/wp-content\/uploads\/2020\/04\/2008_sphinx08.jpg\" data-link=\"https:\/\/aurorebagarry.com\/?attachment_id=233\" class=\"wp-image-233\" srcset=\"https:\/\/aurorebagarry.com\/wp-content\/uploads\/2020\/04\/2008_sphinx08.jpg 800w, https:\/\/aurorebagarry.com\/wp-content\/uploads\/2020\/04\/2008_sphinx08-300x220.jpg 300w, https:\/\/aurorebagarry.com\/wp-content\/uploads\/2020\/04\/2008_sphinx08-768x563.jpg 768w\" sizes=\"auto, (max-width: 800px) 100vw, 800px\" \/><\/a><\/figure><\/li><li class=\"blocks-gallery-item\"><figure><a href=\"https:\/\/aurorebagarry.com\/wp-content\/uploads\/2020\/04\/2008_sphinx07.jpg\"><img loading=\"lazy\" decoding=\"async\" width=\"800\" height=\"588\" src=\"https:\/\/aurorebagarry.com\/wp-content\/uploads\/2020\/04\/2008_sphinx07.jpg\" alt=\"\" data-id=\"232\" data-full-url=\"https:\/\/aurorebagarry.com\/wp-content\/uploads\/2020\/04\/2008_sphinx07.jpg\" data-link=\"https:\/\/aurorebagarry.com\/?attachment_id=232\" class=\"wp-image-232\" srcset=\"https:\/\/aurorebagarry.com\/wp-content\/uploads\/2020\/04\/2008_sphinx07.jpg 800w, https:\/\/aurorebagarry.com\/wp-content\/uploads\/2020\/04\/2008_sphinx07-300x221.jpg 300w, https:\/\/aurorebagarry.com\/wp-content\/uploads\/2020\/04\/2008_sphinx07-768x564.jpg 768w\" sizes=\"auto, (max-width: 800px) 100vw, 800px\" \/><\/a><\/figure><\/li><li class=\"blocks-gallery-item\"><figure><a href=\"https:\/\/aurorebagarry.com\/wp-content\/uploads\/2020\/04\/2008_sphinx06.jpg\"><img loading=\"lazy\" decoding=\"async\" width=\"800\" height=\"587\" src=\"https:\/\/aurorebagarry.com\/wp-content\/uploads\/2020\/04\/2008_sphinx06.jpg\" alt=\"\" data-id=\"231\" data-full-url=\"https:\/\/aurorebagarry.com\/wp-content\/uploads\/2020\/04\/2008_sphinx06.jpg\" data-link=\"https:\/\/aurorebagarry.com\/?attachment_id=231\" class=\"wp-image-231\" srcset=\"https:\/\/aurorebagarry.com\/wp-content\/uploads\/2020\/04\/2008_sphinx06.jpg 800w, https:\/\/aurorebagarry.com\/wp-content\/uploads\/2020\/04\/2008_sphinx06-300x220.jpg 300w, https:\/\/aurorebagarry.com\/wp-content\/uploads\/2020\/04\/2008_sphinx06-768x564.jpg 768w\" sizes=\"auto, (max-width: 800px) 100vw, 800px\" \/><\/a><\/figure><\/li><li class=\"blocks-gallery-item\"><figure><a href=\"https:\/\/aurorebagarry.com\/wp-content\/uploads\/2020\/04\/2008_sphinx05.jpg\"><img loading=\"lazy\" decoding=\"async\" width=\"800\" height=\"587\" src=\"https:\/\/aurorebagarry.com\/wp-content\/uploads\/2020\/04\/2008_sphinx05.jpg\" alt=\"\" data-id=\"230\" data-full-url=\"https:\/\/aurorebagarry.com\/wp-content\/uploads\/2020\/04\/2008_sphinx05.jpg\" data-link=\"https:\/\/aurorebagarry.com\/?attachment_id=230\" class=\"wp-image-230\" srcset=\"https:\/\/aurorebagarry.com\/wp-content\/uploads\/2020\/04\/2008_sphinx05.jpg 800w, https:\/\/aurorebagarry.com\/wp-content\/uploads\/2020\/04\/2008_sphinx05-300x220.jpg 300w, https:\/\/aurorebagarry.com\/wp-content\/uploads\/2020\/04\/2008_sphinx05-768x564.jpg 768w\" sizes=\"auto, (max-width: 800px) 100vw, 800px\" \/><\/a><\/figure><\/li><li class=\"blocks-gallery-item\"><figure><a href=\"https:\/\/aurorebagarry.com\/wp-content\/uploads\/2020\/04\/2008_sphinx04.jpg\"><img loading=\"lazy\" decoding=\"async\" width=\"800\" height=\"585\" src=\"https:\/\/aurorebagarry.com\/wp-content\/uploads\/2020\/04\/2008_sphinx04.jpg\" alt=\"\" data-id=\"229\" data-full-url=\"https:\/\/aurorebagarry.com\/wp-content\/uploads\/2020\/04\/2008_sphinx04.jpg\" data-link=\"https:\/\/aurorebagarry.com\/?attachment_id=229\" class=\"wp-image-229\" srcset=\"https:\/\/aurorebagarry.com\/wp-content\/uploads\/2020\/04\/2008_sphinx04.jpg 800w, https:\/\/aurorebagarry.com\/wp-content\/uploads\/2020\/04\/2008_sphinx04-300x219.jpg 300w, https:\/\/aurorebagarry.com\/wp-content\/uploads\/2020\/04\/2008_sphinx04-768x562.jpg 768w\" sizes=\"auto, (max-width: 800px) 100vw, 800px\" \/><\/a><\/figure><\/li><li class=\"blocks-gallery-item\"><figure><a href=\"https:\/\/aurorebagarry.com\/wp-content\/uploads\/2020\/04\/2008_sphinx03.jpg\"><img loading=\"lazy\" decoding=\"async\" width=\"800\" height=\"587\" src=\"https:\/\/aurorebagarry.com\/wp-content\/uploads\/2020\/04\/2008_sphinx03.jpg\" alt=\"\" data-id=\"228\" data-full-url=\"https:\/\/aurorebagarry.com\/wp-content\/uploads\/2020\/04\/2008_sphinx03.jpg\" data-link=\"https:\/\/aurorebagarry.com\/?attachment_id=228\" class=\"wp-image-228\" srcset=\"https:\/\/aurorebagarry.com\/wp-content\/uploads\/2020\/04\/2008_sphinx03.jpg 800w, https:\/\/aurorebagarry.com\/wp-content\/uploads\/2020\/04\/2008_sphinx03-300x220.jpg 300w, https:\/\/aurorebagarry.com\/wp-content\/uploads\/2020\/04\/2008_sphinx03-768x564.jpg 768w\" sizes=\"auto, (max-width: 800px) 100vw, 800px\" \/><\/a><\/figure><\/li><li class=\"blocks-gallery-item\"><figure><a href=\"https:\/\/aurorebagarry.com\/wp-content\/uploads\/2020\/04\/2008_sphinx02.jpg\"><img loading=\"lazy\" decoding=\"async\" width=\"800\" height=\"585\" src=\"https:\/\/aurorebagarry.com\/wp-content\/uploads\/2020\/04\/2008_sphinx02.jpg\" alt=\"\" data-id=\"227\" data-full-url=\"https:\/\/aurorebagarry.com\/wp-content\/uploads\/2020\/04\/2008_sphinx02.jpg\" data-link=\"https:\/\/aurorebagarry.com\/?attachment_id=227\" class=\"wp-image-227\" srcset=\"https:\/\/aurorebagarry.com\/wp-content\/uploads\/2020\/04\/2008_sphinx02.jpg 800w, https:\/\/aurorebagarry.com\/wp-content\/uploads\/2020\/04\/2008_sphinx02-300x219.jpg 300w, https:\/\/aurorebagarry.com\/wp-content\/uploads\/2020\/04\/2008_sphinx02-768x562.jpg 768w\" sizes=\"auto, (max-width: 800px) 100vw, 800px\" \/><\/a><\/figure><\/li><li class=\"blocks-gallery-item\"><figure><a href=\"https:\/\/aurorebagarry.com\/wp-content\/uploads\/2020\/04\/2008_sphinx01.jpg\"><img loading=\"lazy\" decoding=\"async\" width=\"800\" height=\"588\" src=\"https:\/\/aurorebagarry.com\/wp-content\/uploads\/2020\/04\/2008_sphinx01.jpg\" alt=\"\" data-id=\"226\" data-full-url=\"https:\/\/aurorebagarry.com\/wp-content\/uploads\/2020\/04\/2008_sphinx01.jpg\" data-link=\"https:\/\/aurorebagarry.com\/?attachment_id=226\" class=\"wp-image-226\" srcset=\"https:\/\/aurorebagarry.com\/wp-content\/uploads\/2020\/04\/2008_sphinx01.jpg 800w, https:\/\/aurorebagarry.com\/wp-content\/uploads\/2020\/04\/2008_sphinx01-300x221.jpg 300w, https:\/\/aurorebagarry.com\/wp-content\/uploads\/2020\/04\/2008_sphinx01-768x564.jpg 768w\" sizes=\"auto, (max-width: 800px) 100vw, 800px\" \/><\/a><\/figure><\/li><\/ul><\/figure>\n","protected":false},"excerpt":{"rendered":"<p>All\u00e9e des Sphinx reliant les temples de Louqsor et Karnak (2013-2008) Photographies documentant la r\u00e9habilitation de l\u2019all\u00e9e antique \u00e9gyptienne reliant les temples de Louqsor et de Karnak, pr\u00e9vue en 2030. Les travaux se d\u00e9roulent au coeur des villes et de nombreuses destruction de b\u00e2timents contemporains ont \u00e9t\u00e9 effectu\u00e9es.\u00a0L&#8217;\u00e9tude des ruines par les arch\u00e9ologues et la pratique de la photographie comme t\u00e9moins de l\u2019histoire, conjuguant savoir et imaginaire nous interrogent sur notre pr\u00e9sent. Quelle place donner \u00e0 l\u2019oubli ? Quelle place accorder \u00e0 la conservation ?<\/p>\n","protected":false},"author":1,"featured_media":0,"parent":0,"menu_order":0,"comment_status":"closed","ping_status":"closed","template":"","meta":{"footnotes":""},"class_list":["post-225","page","type-page","status-publish","hentry"],"jetpack_sharing_enabled":true,"_links":{"self":[{"href":"https:\/\/aurorebagarry.com\/index.php\/wp-json\/wp\/v2\/pages\/225","targetHints":{"allow":["GET"]}}],"collection":[{"href":"https:\/\/aurorebagarry.com\/index.php\/wp-json\/wp\/v2\/pages"}],"about":[{"href":"https:\/\/aurorebagarry.com\/index.php\/wp-json\/wp\/v2\/types\/page"}],"author":[{"embeddable":true,"href":"https:\/\/aurorebagarry.com\/index.php\/wp-json\/wp\/v2\/users\/1"}],"replies":[{"embeddable":true,"href":"https:\/\/aurorebagarry.com\/index.php\/wp-json\/wp\/v2\/comments?post=225"}],"version-history":[{"count":6,"href":"https:\/\/aurorebagarry.com\/index.php\/wp-json\/wp\/v2\/pages\/225\/revisions"}],"predecessor-version":[{"id":587,"href":"https:\/\/aurorebagarry.com\/index.php\/wp-json\/wp\/v2\/pages\/225\/revisions\/587"}],"wp:attachment":[{"href":"https:\/\/aurorebagarry.com\/index.php\/wp-json\/wp\/v2\/media?parent=225"}],"curies":[{"name":"wp","href":"https:\/\/api.w.org\/{rel}","templated":true}]}}