{"id":319,"date":"2020-05-29T11:20:04","date_gmt":"2020-05-29T09:20:04","guid":{"rendered":"http:\/\/aurorebagarry.com\/?page_id=319"},"modified":"2020-05-29T11:24:32","modified_gmt":"2020-05-29T09:24:32","slug":"quelle-histoire","status":"publish","type":"page","link":"https:\/\/aurorebagarry.com\/index.php\/quelle-histoire\/","title":{"rendered":"Quelle Histoire"},"content":{"rendered":"\n<p>2007-2008 avec No\u00ebl Herpe<\/p>\n\n\n\n<p>&#8220;Du sublime au ridicule, il n&#8217;y a qu&#8217;un pas ! &#8221; Napol\u00e9on 1er<\/p>\n\n\n\n<p>Prix LVMH 2008 de la jeune cr\u00e9ation d\u00e9cern\u00e9 par Daniel Buren<\/p>\n\n\n\n<figure class=\"wp-block-gallery columns-3 is-cropped wp-block-gallery-1 is-layout-flex wp-block-gallery-is-layout-flex\"><ul class=\"blocks-gallery-grid\"><li class=\"blocks-gallery-item\"><figure><a href=\"https:\/\/aurorebagarry.com\/wp-content\/uploads\/2020\/05\/vercingetorix-scaled.jpg\"><img loading=\"lazy\" decoding=\"async\" width=\"740\" height=\"1024\" src=\"https:\/\/aurorebagarry.com\/wp-content\/uploads\/2020\/05\/vercingetorix-740x1024.jpg\" alt=\"\" data-id=\"333\" data-full-url=\"https:\/\/aurorebagarry.com\/wp-content\/uploads\/2020\/05\/vercingetorix-scaled.jpg\" data-link=\"https:\/\/aurorebagarry.com\/?attachment_id=333\" class=\"wp-image-333\" srcset=\"https:\/\/aurorebagarry.com\/wp-content\/uploads\/2020\/05\/vercingetorix-740x1024.jpg 740w, https:\/\/aurorebagarry.com\/wp-content\/uploads\/2020\/05\/vercingetorix-217x300.jpg 217w, https:\/\/aurorebagarry.com\/wp-content\/uploads\/2020\/05\/vercingetorix-768x1063.jpg 768w, https:\/\/aurorebagarry.com\/wp-content\/uploads\/2020\/05\/vercingetorix-1109x1536.jpg 1109w, https:\/\/aurorebagarry.com\/wp-content\/uploads\/2020\/05\/vercingetorix-1479x2048.jpg 1479w, https:\/\/aurorebagarry.com\/wp-content\/uploads\/2020\/05\/vercingetorix-1000x1384.jpg 1000w, https:\/\/aurorebagarry.com\/wp-content\/uploads\/2020\/05\/vercingetorix-scaled.jpg 1849w\" sizes=\"auto, (max-width: 740px) 100vw, 740px\" \/><\/a><\/figure><\/li><li class=\"blocks-gallery-item\"><figure><a href=\"https:\/\/aurorebagarry.com\/wp-content\/uploads\/2020\/05\/clovis-scaled.jpg\"><img loading=\"lazy\" decoding=\"async\" width=\"740\" height=\"1024\" src=\"https:\/\/aurorebagarry.com\/wp-content\/uploads\/2020\/05\/clovis-740x1024.jpg\" alt=\"\" data-id=\"323\" data-full-url=\"https:\/\/aurorebagarry.com\/wp-content\/uploads\/2020\/05\/clovis-scaled.jpg\" data-link=\"https:\/\/aurorebagarry.com\/?attachment_id=323\" class=\"wp-image-323\" srcset=\"https:\/\/aurorebagarry.com\/wp-content\/uploads\/2020\/05\/clovis-740x1024.jpg 740w, https:\/\/aurorebagarry.com\/wp-content\/uploads\/2020\/05\/clovis-217x300.jpg 217w, https:\/\/aurorebagarry.com\/wp-content\/uploads\/2020\/05\/clovis-768x1063.jpg 768w, https:\/\/aurorebagarry.com\/wp-content\/uploads\/2020\/05\/clovis-1109x1536.jpg 1109w, https:\/\/aurorebagarry.com\/wp-content\/uploads\/2020\/05\/clovis-1479x2048.jpg 1479w, https:\/\/aurorebagarry.com\/wp-content\/uploads\/2020\/05\/clovis-1000x1384.jpg 1000w, https:\/\/aurorebagarry.com\/wp-content\/uploads\/2020\/05\/clovis-scaled.jpg 1849w\" sizes=\"auto, (max-width: 740px) 100vw, 740px\" \/><\/a><\/figure><\/li><li class=\"blocks-gallery-item\"><figure><a href=\"https:\/\/aurorebagarry.com\/wp-content\/uploads\/2020\/05\/brunehaut-scaled.jpg\"><img loading=\"lazy\" decoding=\"async\" width=\"740\" height=\"1024\" src=\"https:\/\/aurorebagarry.com\/wp-content\/uploads\/2020\/05\/brunehaut-740x1024.jpg\" alt=\"\" data-id=\"321\" data-full-url=\"https:\/\/aurorebagarry.com\/wp-content\/uploads\/2020\/05\/brunehaut-scaled.jpg\" data-link=\"https:\/\/aurorebagarry.com\/?attachment_id=321\" class=\"wp-image-321\" srcset=\"https:\/\/aurorebagarry.com\/wp-content\/uploads\/2020\/05\/brunehaut-740x1024.jpg 740w, https:\/\/aurorebagarry.com\/wp-content\/uploads\/2020\/05\/brunehaut-217x300.jpg 217w, https:\/\/aurorebagarry.com\/wp-content\/uploads\/2020\/05\/brunehaut-768x1063.jpg 768w, https:\/\/aurorebagarry.com\/wp-content\/uploads\/2020\/05\/brunehaut-1109x1536.jpg 1109w, https:\/\/aurorebagarry.com\/wp-content\/uploads\/2020\/05\/brunehaut-1479x2048.jpg 1479w, https:\/\/aurorebagarry.com\/wp-content\/uploads\/2020\/05\/brunehaut-1000x1384.jpg 1000w, https:\/\/aurorebagarry.com\/wp-content\/uploads\/2020\/05\/brunehaut-scaled.jpg 1849w\" sizes=\"auto, (max-width: 740px) 100vw, 740px\" \/><\/a><\/figure><\/li><li class=\"blocks-gallery-item\"><figure><a href=\"https:\/\/aurorebagarry.com\/wp-content\/uploads\/2020\/05\/charles6-scaled.jpg\"><img loading=\"lazy\" decoding=\"async\" width=\"740\" height=\"1024\" src=\"https:\/\/aurorebagarry.com\/wp-content\/uploads\/2020\/05\/charles6-740x1024.jpg\" alt=\"\" data-id=\"322\" data-full-url=\"https:\/\/aurorebagarry.com\/wp-content\/uploads\/2020\/05\/charles6-scaled.jpg\" data-link=\"https:\/\/aurorebagarry.com\/?attachment_id=322\" class=\"wp-image-322\" srcset=\"https:\/\/aurorebagarry.com\/wp-content\/uploads\/2020\/05\/charles6-740x1024.jpg 740w, https:\/\/aurorebagarry.com\/wp-content\/uploads\/2020\/05\/charles6-217x300.jpg 217w, https:\/\/aurorebagarry.com\/wp-content\/uploads\/2020\/05\/charles6-768x1063.jpg 768w, https:\/\/aurorebagarry.com\/wp-content\/uploads\/2020\/05\/charles6-1109x1536.jpg 1109w, https:\/\/aurorebagarry.com\/wp-content\/uploads\/2020\/05\/charles6-1479x2048.jpg 1479w, https:\/\/aurorebagarry.com\/wp-content\/uploads\/2020\/05\/charles6-1000x1384.jpg 1000w, https:\/\/aurorebagarry.com\/wp-content\/uploads\/2020\/05\/charles6-scaled.jpg 1849w\" sizes=\"auto, (max-width: 740px) 100vw, 740px\" \/><\/a><\/figure><\/li><li class=\"blocks-gallery-item\"><figure><a href=\"https:\/\/aurorebagarry.com\/wp-content\/uploads\/2020\/05\/gil-scaled.jpg\"><img loading=\"lazy\" decoding=\"async\" width=\"740\" height=\"1024\" src=\"https:\/\/aurorebagarry.com\/wp-content\/uploads\/2020\/05\/gil-740x1024.jpg\" alt=\"\" data-id=\"327\" data-full-url=\"https:\/\/aurorebagarry.com\/wp-content\/uploads\/2020\/05\/gil-scaled.jpg\" data-link=\"https:\/\/aurorebagarry.com\/?attachment_id=327\" class=\"wp-image-327\" srcset=\"https:\/\/aurorebagarry.com\/wp-content\/uploads\/2020\/05\/gil-740x1024.jpg 740w, https:\/\/aurorebagarry.com\/wp-content\/uploads\/2020\/05\/gil-217x300.jpg 217w, https:\/\/aurorebagarry.com\/wp-content\/uploads\/2020\/05\/gil-768x1063.jpg 768w, https:\/\/aurorebagarry.com\/wp-content\/uploads\/2020\/05\/gil-1109x1536.jpg 1109w, https:\/\/aurorebagarry.com\/wp-content\/uploads\/2020\/05\/gil-1479x2048.jpg 1479w, https:\/\/aurorebagarry.com\/wp-content\/uploads\/2020\/05\/gil-1000x1384.jpg 1000w, https:\/\/aurorebagarry.com\/wp-content\/uploads\/2020\/05\/gil-scaled.jpg 1849w\" sizes=\"auto, (max-width: 740px) 100vw, 740px\" \/><\/a><\/figure><\/li><li class=\"blocks-gallery-item\"><figure><a href=\"https:\/\/aurorebagarry.com\/wp-content\/uploads\/2020\/05\/henri3-scaled.jpg\"><img loading=\"lazy\" decoding=\"async\" width=\"740\" height=\"1024\" src=\"https:\/\/aurorebagarry.com\/wp-content\/uploads\/2020\/05\/henri3-740x1024.jpg\" alt=\"\" data-id=\"328\" data-full-url=\"https:\/\/aurorebagarry.com\/wp-content\/uploads\/2020\/05\/henri3-scaled.jpg\" data-link=\"https:\/\/aurorebagarry.com\/?attachment_id=328\" class=\"wp-image-328\" srcset=\"https:\/\/aurorebagarry.com\/wp-content\/uploads\/2020\/05\/henri3-740x1024.jpg 740w, https:\/\/aurorebagarry.com\/wp-content\/uploads\/2020\/05\/henri3-217x300.jpg 217w, https:\/\/aurorebagarry.com\/wp-content\/uploads\/2020\/05\/henri3-768x1063.jpg 768w, https:\/\/aurorebagarry.com\/wp-content\/uploads\/2020\/05\/henri3-1109x1536.jpg 1109w, https:\/\/aurorebagarry.com\/wp-content\/uploads\/2020\/05\/henri3-1479x2048.jpg 1479w, https:\/\/aurorebagarry.com\/wp-content\/uploads\/2020\/05\/henri3-1000x1384.jpg 1000w, https:\/\/aurorebagarry.com\/wp-content\/uploads\/2020\/05\/henri3-scaled.jpg 1849w\" sizes=\"auto, (max-width: 740px) 100vw, 740px\" \/><\/a><\/figure><\/li><li class=\"blocks-gallery-item\"><figure><a href=\"https:\/\/aurorebagarry.com\/wp-content\/uploads\/2020\/05\/antoinette-scaled.jpg\"><img loading=\"lazy\" decoding=\"async\" width=\"740\" height=\"1024\" src=\"https:\/\/aurorebagarry.com\/wp-content\/uploads\/2020\/05\/antoinette-740x1024.jpg\" alt=\"\" data-id=\"320\" data-full-url=\"https:\/\/aurorebagarry.com\/wp-content\/uploads\/2020\/05\/antoinette-scaled.jpg\" data-link=\"https:\/\/aurorebagarry.com\/?attachment_id=320\" class=\"wp-image-320\" srcset=\"https:\/\/aurorebagarry.com\/wp-content\/uploads\/2020\/05\/antoinette-740x1024.jpg 740w, https:\/\/aurorebagarry.com\/wp-content\/uploads\/2020\/05\/antoinette-217x300.jpg 217w, https:\/\/aurorebagarry.com\/wp-content\/uploads\/2020\/05\/antoinette-768x1063.jpg 768w, https:\/\/aurorebagarry.com\/wp-content\/uploads\/2020\/05\/antoinette-1109x1536.jpg 1109w, https:\/\/aurorebagarry.com\/wp-content\/uploads\/2020\/05\/antoinette-1479x2048.jpg 1479w, https:\/\/aurorebagarry.com\/wp-content\/uploads\/2020\/05\/antoinette-1000x1384.jpg 1000w, https:\/\/aurorebagarry.com\/wp-content\/uploads\/2020\/05\/antoinette-scaled.jpg 1849w\" sizes=\"auto, (max-width: 740px) 100vw, 740px\" \/><\/a><\/figure><\/li><li class=\"blocks-gallery-item\"><figure><a href=\"https:\/\/aurorebagarry.com\/wp-content\/uploads\/2020\/05\/saintjust-scaled.jpg\"><img loading=\"lazy\" decoding=\"async\" width=\"740\" height=\"1024\" src=\"https:\/\/aurorebagarry.com\/wp-content\/uploads\/2020\/05\/saintjust-740x1024.jpg\" alt=\"\" data-id=\"330\" data-full-url=\"https:\/\/aurorebagarry.com\/wp-content\/uploads\/2020\/05\/saintjust-scaled.jpg\" data-link=\"https:\/\/aurorebagarry.com\/?attachment_id=330\" class=\"wp-image-330\" srcset=\"https:\/\/aurorebagarry.com\/wp-content\/uploads\/2020\/05\/saintjust-740x1024.jpg 740w, https:\/\/aurorebagarry.com\/wp-content\/uploads\/2020\/05\/saintjust-217x300.jpg 217w, https:\/\/aurorebagarry.com\/wp-content\/uploads\/2020\/05\/saintjust-768x1063.jpg 768w, https:\/\/aurorebagarry.com\/wp-content\/uploads\/2020\/05\/saintjust-1109x1536.jpg 1109w, https:\/\/aurorebagarry.com\/wp-content\/uploads\/2020\/05\/saintjust-1479x2048.jpg 1479w, https:\/\/aurorebagarry.com\/wp-content\/uploads\/2020\/05\/saintjust-1000x1384.jpg 1000w, https:\/\/aurorebagarry.com\/wp-content\/uploads\/2020\/05\/saintjust-scaled.jpg 1849w\" sizes=\"auto, (max-width: 740px) 100vw, 740px\" \/><\/a><\/figure><\/li><li class=\"blocks-gallery-item\"><figure><a href=\"https:\/\/aurorebagarry.com\/wp-content\/uploads\/2020\/05\/napoleon-scaled.jpg\"><img loading=\"lazy\" decoding=\"async\" width=\"740\" height=\"1024\" src=\"https:\/\/aurorebagarry.com\/wp-content\/uploads\/2020\/05\/napoleon-740x1024.jpg\" alt=\"\" data-id=\"329\" data-full-url=\"https:\/\/aurorebagarry.com\/wp-content\/uploads\/2020\/05\/napoleon-scaled.jpg\" data-link=\"https:\/\/aurorebagarry.com\/?attachment_id=329\" class=\"wp-image-329\" srcset=\"https:\/\/aurorebagarry.com\/wp-content\/uploads\/2020\/05\/napoleon-740x1024.jpg 740w, https:\/\/aurorebagarry.com\/wp-content\/uploads\/2020\/05\/napoleon-217x300.jpg 217w, https:\/\/aurorebagarry.com\/wp-content\/uploads\/2020\/05\/napoleon-768x1063.jpg 768w, https:\/\/aurorebagarry.com\/wp-content\/uploads\/2020\/05\/napoleon-1109x1536.jpg 1109w, https:\/\/aurorebagarry.com\/wp-content\/uploads\/2020\/05\/napoleon-1479x2048.jpg 1479w, https:\/\/aurorebagarry.com\/wp-content\/uploads\/2020\/05\/napoleon-1000x1384.jpg 1000w, https:\/\/aurorebagarry.com\/wp-content\/uploads\/2020\/05\/napoleon-scaled.jpg 1849w\" sizes=\"auto, (max-width: 740px) 100vw, 740px\" \/><\/a><\/figure><\/li><li class=\"blocks-gallery-item\"><figure><a href=\"https:\/\/aurorebagarry.com\/wp-content\/uploads\/2020\/05\/talleyrand-scaled.jpg\"><img loading=\"lazy\" decoding=\"async\" width=\"740\" height=\"1024\" src=\"https:\/\/aurorebagarry.com\/wp-content\/uploads\/2020\/05\/talleyrand-740x1024.jpg\" alt=\"\" data-id=\"332\" data-full-url=\"https:\/\/aurorebagarry.com\/wp-content\/uploads\/2020\/05\/talleyrand-scaled.jpg\" data-link=\"https:\/\/aurorebagarry.com\/?attachment_id=332\" class=\"wp-image-332\" srcset=\"https:\/\/aurorebagarry.com\/wp-content\/uploads\/2020\/05\/talleyrand-740x1024.jpg 740w, https:\/\/aurorebagarry.com\/wp-content\/uploads\/2020\/05\/talleyrand-217x300.jpg 217w, https:\/\/aurorebagarry.com\/wp-content\/uploads\/2020\/05\/talleyrand-768x1063.jpg 768w, https:\/\/aurorebagarry.com\/wp-content\/uploads\/2020\/05\/talleyrand-1109x1536.jpg 1109w, https:\/\/aurorebagarry.com\/wp-content\/uploads\/2020\/05\/talleyrand-1479x2048.jpg 1479w, https:\/\/aurorebagarry.com\/wp-content\/uploads\/2020\/05\/talleyrand-1000x1384.jpg 1000w, https:\/\/aurorebagarry.com\/wp-content\/uploads\/2020\/05\/talleyrand-scaled.jpg 1849w\" sizes=\"auto, (max-width: 740px) 100vw, 740px\" \/><\/a><\/figure><\/li><li class=\"blocks-gallery-item\"><figure><a href=\"https:\/\/aurorebagarry.com\/wp-content\/uploads\/2020\/05\/deschanel-scaled.jpg\"><img loading=\"lazy\" decoding=\"async\" width=\"740\" height=\"1024\" src=\"https:\/\/aurorebagarry.com\/wp-content\/uploads\/2020\/05\/deschanel-740x1024.jpg\" alt=\"\" data-id=\"326\" data-full-url=\"https:\/\/aurorebagarry.com\/wp-content\/uploads\/2020\/05\/deschanel-scaled.jpg\" data-link=\"https:\/\/aurorebagarry.com\/?attachment_id=326\" class=\"wp-image-326\" srcset=\"https:\/\/aurorebagarry.com\/wp-content\/uploads\/2020\/05\/deschanel-740x1024.jpg 740w, https:\/\/aurorebagarry.com\/wp-content\/uploads\/2020\/05\/deschanel-217x300.jpg 217w, https:\/\/aurorebagarry.com\/wp-content\/uploads\/2020\/05\/deschanel-768x1063.jpg 768w, https:\/\/aurorebagarry.com\/wp-content\/uploads\/2020\/05\/deschanel-1109x1536.jpg 1109w, https:\/\/aurorebagarry.com\/wp-content\/uploads\/2020\/05\/deschanel-1479x2048.jpg 1479w, https:\/\/aurorebagarry.com\/wp-content\/uploads\/2020\/05\/deschanel-1000x1384.jpg 1000w, https:\/\/aurorebagarry.com\/wp-content\/uploads\/2020\/05\/deschanel-scaled.jpg 1849w\" sizes=\"auto, (max-width: 740px) 100vw, 740px\" \/><\/a><\/figure><\/li><li class=\"blocks-gallery-item\"><figure><a href=\"https:\/\/aurorebagarry.com\/wp-content\/uploads\/2020\/05\/simoneveil-scaled.jpg\"><img loading=\"lazy\" decoding=\"async\" width=\"740\" height=\"1024\" src=\"https:\/\/aurorebagarry.com\/wp-content\/uploads\/2020\/05\/simoneveil-740x1024.jpg\" alt=\"\" data-id=\"331\" data-full-url=\"https:\/\/aurorebagarry.com\/wp-content\/uploads\/2020\/05\/simoneveil-scaled.jpg\" data-link=\"https:\/\/aurorebagarry.com\/?attachment_id=331\" class=\"wp-image-331\" srcset=\"https:\/\/aurorebagarry.com\/wp-content\/uploads\/2020\/05\/simoneveil-740x1024.jpg 740w, https:\/\/aurorebagarry.com\/wp-content\/uploads\/2020\/05\/simoneveil-217x300.jpg 217w, https:\/\/aurorebagarry.com\/wp-content\/uploads\/2020\/05\/simoneveil-768x1063.jpg 768w, https:\/\/aurorebagarry.com\/wp-content\/uploads\/2020\/05\/simoneveil-1109x1536.jpg 1109w, https:\/\/aurorebagarry.com\/wp-content\/uploads\/2020\/05\/simoneveil-1479x2048.jpg 1479w, https:\/\/aurorebagarry.com\/wp-content\/uploads\/2020\/05\/simoneveil-1000x1384.jpg 1000w, https:\/\/aurorebagarry.com\/wp-content\/uploads\/2020\/05\/simoneveil-scaled.jpg 1849w\" sizes=\"auto, (max-width: 740px) 100vw, 740px\" \/><\/a><\/figure><\/li><\/ul><\/figure>\n","protected":false},"excerpt":{"rendered":"<p>2007-2008 avec No\u00ebl Herpe &#8220;Du sublime au ridicule, il n&#8217;y a qu&#8217;un pas ! &#8221; Napol\u00e9on 1er Prix LVMH 2008 de la jeune cr\u00e9ation d\u00e9cern\u00e9 par Daniel Buren<\/p>\n","protected":false},"author":1,"featured_media":0,"parent":0,"menu_order":0,"comment_status":"closed","ping_status":"closed","template":"","meta":{"footnotes":""},"class_list":["post-319","page","type-page","status-publish","hentry"],"jetpack_sharing_enabled":true,"_links":{"self":[{"href":"https:\/\/aurorebagarry.com\/index.php\/wp-json\/wp\/v2\/pages\/319","targetHints":{"allow":["GET"]}}],"collection":[{"href":"https:\/\/aurorebagarry.com\/index.php\/wp-json\/wp\/v2\/pages"}],"about":[{"href":"https:\/\/aurorebagarry.com\/index.php\/wp-json\/wp\/v2\/types\/page"}],"author":[{"embeddable":true,"href":"https:\/\/aurorebagarry.com\/index.php\/wp-json\/wp\/v2\/users\/1"}],"replies":[{"embeddable":true,"href":"https:\/\/aurorebagarry.com\/index.php\/wp-json\/wp\/v2\/comments?post=319"}],"version-history":[{"count":3,"href":"https:\/\/aurorebagarry.com\/index.php\/wp-json\/wp\/v2\/pages\/319\/revisions"}],"predecessor-version":[{"id":339,"href":"https:\/\/aurorebagarry.com\/index.php\/wp-json\/wp\/v2\/pages\/319\/revisions\/339"}],"wp:attachment":[{"href":"https:\/\/aurorebagarry.com\/index.php\/wp-json\/wp\/v2\/media?parent=319"}],"curies":[{"name":"wp","href":"https:\/\/api.w.org\/{rel}","templated":true}]}}