{"id":416,"date":"2020-05-29T12:30:08","date_gmt":"2020-05-29T10:30:08","guid":{"rendered":"http:\/\/aurorebagarry.com\/?page_id=416"},"modified":"2025-01-07T12:16:42","modified_gmt":"2025-01-07T11:16:42","slug":"videos","status":"publish","type":"page","link":"https:\/\/aurorebagarry.com\/index.php\/videos\/","title":{"rendered":"Vid\u00e9os"},"content":{"rendered":"\n<p><strong>M\u03a9ment :<\/strong> Sonorit\u00e9s synth\u00e9tiques, exp\u00e9rimentations vid\u00e9o, dispositif multim\u00e9dia, M\u03a9ment est la rencontre entre le musicien <a href=\"http:\/\/melanoboy.bandcamp.com\/\">Micha\u00ebl Fristot<\/a> (Melanoboy, \u00d8BE), la photographe et vid\u00e9aste Aurore Bagarry et le VJ \/ programmeur <a href=\"http:\/\/duspectacle.com\">Charly Meignan<\/a> (Du spectacle). Hyl\u00e9 Tape, 2017<\/p>\n\n\n\n<p><iframe loading=\"lazy\" title=\"&quot;Green Smoke&quot; - M\u03a9ment\" width=\"625\" height=\"469\" src=\"https:\/\/www.youtube.com\/embed\/JOwnfAH1rx8?feature=oembed\" frameborder=\"0\" allow=\"accelerometer; autoplay; clipboard-write; encrypted-media; gyroscope; picture-in-picture; web-share\" referrerpolicy=\"strict-origin-when-cross-origin\" allowfullscreen><\/iframe><\/p>\n\n\n\n<p><strong>El Aroussa :<\/strong> Vid\u00e9os r\u00e9alis\u00e9es pour le festival &#8220;Voir la nuit&#8221; en 2009 et 2010.<\/p>\n\n\n\n<p><iframe loading=\"lazy\" title=\"El Aroussa\" width=\"625\" height=\"469\" src=\"https:\/\/www.youtube.com\/embed\/LktUa3hNIUE?feature=oembed\" frameborder=\"0\" allow=\"accelerometer; autoplay; clipboard-write; encrypted-media; gyroscope; picture-in-picture; web-share\" referrerpolicy=\"strict-origin-when-cross-origin\" allowfullscreen><\/iframe><\/p>\n\n\n\n<p>A Louqsor, un man\u00e8ge s&#8217;\u00e9branle dans la nuit.<\/p>\n\n\n\n<p><strong>Redemption<\/strong> :<\/p>\n\n\n\n<p><iframe loading=\"lazy\" title=\"Redemption\" width=\"625\" height=\"469\" src=\"https:\/\/www.youtube.com\/embed\/BIA97pGI5ic?feature=oembed\" frameborder=\"0\" allow=\"accelerometer; autoplay; clipboard-write; encrypted-media; gyroscope; picture-in-picture; web-share\" referrerpolicy=\"strict-origin-when-cross-origin\" allowfullscreen><\/iframe><\/p>\n\n\n\n<p>On savait bien qu&#8217;en allant \u00e0 Rio, on devrait penser \u00e0 monter l\u00e0 haut. Mais on oublie. Puis on y va, le dernier jour, tant pis pour le brouillard, on y croise d&#8217;autres touristes plus ou moins organis\u00e9s. On n&#8217;y voit rien, on le devine \u00e0 peine. On est un peu d\u00e9\u00e7u, mais on s&#8217;attarde: on y est. Soudain d\u00e9sert, Il appara\u00eet! Puis se recouvre et dispara\u00eet. Plus un bruit. On L&#8217;a vu.<\/p>\n\n\n\n<p>At Rio, we knew we have to see up here. But we forgot. Then, the last day we went. We didn&#8217;t care about the fog, we met other tourists, some of them aren&#8217;t organized. We didn&#8217;t see nothing, we could hardly see him. We were a bit desappointed, but we lingered: here we were. Sudden, it&#8217;s desert, He was looming out! And cloud over him and desappear&#8230; We saw Him!<\/p>\n\n\n\n<p><strong>Phant\u00f4mas<\/strong> : <\/p>\n\n\n\n<p><iframe loading=\"lazy\" title=\"Phant\u00f4mas\" width=\"625\" height=\"469\" src=\"https:\/\/www.youtube.com\/embed\/K5j0fMkWYvU?feature=oembed\" frameborder=\"0\" allow=\"accelerometer; autoplay; clipboard-write; encrypted-media; gyroscope; picture-in-picture; web-share\" referrerpolicy=\"strict-origin-when-cross-origin\" allowfullscreen><\/iframe><\/p>\n\n\n\n<p>Phant\u00f4mas, bandit sans visage, accumule les crimes monstrueux. Fin strat\u00e8ge et merveilleux illusionniste, il n&#8217;a de cesse que de provoquer l&#8217;inspecteur Juve. Avec le journaliste J\u00e9r\u00f4me Fandor, Juve tente &#8211; sans jamais y parvenir &#8211; de capturer, b\u00e2illonner et ligoter le diabolique criminel. Cin\u00e9ma de Feuillade, images et musique contemporaines pour tenter de d\u00e9masquer l&#8217;identit\u00e9 cach\u00e9e de cette silhouette \u00e9vanescente.<br>\u00ab Tu n&#8217;existes pas, tes images sont des vitraux, des transparences. Quand on les tient dans la main, on voit au travers. Tu files entre les doigts. Tu es insaisissable, sinon mort. Un fant\u00f4me, comme moi. \u00bb <em>Fant\u00f4mas contre Fant\u00f4mas,<\/em> Pierre Souvestre et Marcel Allain.<\/p>\n\n\n\n<p>Un roman photo d&#8217;Aurore Bagarry, sc\u00e9nario de Noel Herpe, musique de Fran\u00e7ois R\u00e9gis. Avec Arthur Dreyfus, Barbara Carlotti, Gurwann Tran Van Gie, Laure Fardoulis, Charly Meignan et Charles Comman.<\/p>\n\n\n\n<p><strong>Devant le dos<\/strong> :<\/p>\n\n\n\n<p><iframe loading=\"lazy\" title=\"Devant Le Dos\" width=\"625\" height=\"469\" src=\"https:\/\/www.youtube.com\/embed\/TYq6bPatXfY?feature=oembed\" frameborder=\"0\" allow=\"accelerometer; autoplay; clipboard-write; encrypted-media; gyroscope; picture-in-picture; web-share\" referrerpolicy=\"strict-origin-when-cross-origin\" allowfullscreen><\/iframe><\/p>\n\n\n\n<p>Au d\u00e9tour d&#8217;une cuisine<br>ou d&#8217;une salle de classe,<br>nous suivons promptement<br>quelques individus<br>en soif d&#8217;apprentissage<br>et de conseils.<\/p>\n\n\n\n<p>2007<\/p>\n\n\n\n<p><strong>Questions ?<\/strong><\/p>\n\n\n\n<p><iframe loading=\"lazy\" title=\"Questions?\" width=\"625\" height=\"469\" src=\"https:\/\/www.youtube.com\/embed\/W_gKtUZ6KX8?feature=oembed\" frameborder=\"0\" allow=\"accelerometer; autoplay; clipboard-write; encrypted-media; gyroscope; picture-in-picture; web-share\" referrerpolicy=\"strict-origin-when-cross-origin\" allowfullscreen><\/iframe><\/p>\n\n\n\n<p>\u00abDans 4 jours Yves C. s&#8217;appr\u00eate \u00e0 passer son dipl\u00f4me. Il aura \u00e0 pr\u00e9senter 3 ans de travail qui ont \u00e9t\u00e9 pay\u00e9 par la soci\u00e9t\u00e9\u00bb<br>Yves C., <em>Journal de travail<\/em>, 2007.<\/p>\n\n\n\n<p><strong>D&#8217;o\u00f9 vient cette cicatrice<\/strong> ?<\/p>\n\n\n\n<p><iframe loading=\"lazy\" title=\"D&#039;o\u00f9 vient cette cicatrice?\" width=\"625\" height=\"469\" src=\"https:\/\/www.youtube.com\/embed\/v-kODRXWvDc?feature=oembed\" frameborder=\"0\" allow=\"accelerometer; autoplay; clipboard-write; encrypted-media; gyroscope; picture-in-picture; web-share\" referrerpolicy=\"strict-origin-when-cross-origin\" allowfullscreen><\/iframe><\/p>\n\n\n\n<p>Au Sud de l&#8217;Egypte, des membres de l&#8217;\u00e9quipe arch\u00e9ologique du chantier franco-egyptien des temples de Karnak expriment leur ressenti des cicatrices.<\/p>\n\n\n\n<p><strong>France-Br\u00e9sil<\/strong> :<\/p>\n\n\n\n<p><iframe loading=\"lazy\" title=\"France Br\u00e9sil\" width=\"625\" height=\"469\" src=\"https:\/\/www.youtube.com\/embed\/B-jyRWPgQOc?feature=oembed\" frameborder=\"0\" allow=\"accelerometer; autoplay; clipboard-write; encrypted-media; gyroscope; picture-in-picture; web-share\" referrerpolicy=\"strict-origin-when-cross-origin\" allowfullscreen><\/iframe><\/p>\n\n\n\n<p>Chez N\u00e9n\u00e9, les habitu\u00e9s regardent un match de foot.<\/p>\n\n\n\n<p><strong>L&#8217;au-del\u00e0 :<\/strong><\/p>\n\n\n\n<p><iframe loading=\"lazy\" title=\"L&#039;au-del\u00e0\" width=\"625\" height=\"352\" src=\"https:\/\/www.youtube.com\/embed\/rRMJEdhGHg4?feature=oembed\" frameborder=\"0\" allow=\"accelerometer; autoplay; clipboard-write; encrypted-media; gyroscope; picture-in-picture; web-share\" referrerpolicy=\"strict-origin-when-cross-origin\" allowfullscreen><\/iframe><\/p>\n\n\n\n<p>La neige t\u00e9l\u00e9visuelle est la r\u00e9ception du fond diffus cosmologique \u00e9mis il y a plus de 13,7 milliards d&#8217;ann\u00e9es, 300 000 ans apr\u00e8s le Big Bang&#8230; Ce sont les premiers photons capables de voyager dans l&#8217;Univers et qui parviennent encore jusqu&#8217;\u00e0 nous.<\/p>\n\n\n\n<p><strong>Aprend\u00e0 Argentino en 7 di\u00e0s :<\/strong><\/p>\n\n\n\n<p><iframe loading=\"lazy\" title=\"Aprend\u00e0 Argentino en 7 d\u00ecas\" width=\"625\" height=\"469\" src=\"https:\/\/www.youtube.com\/embed\/5d9pfNUziOM?feature=oembed\" frameborder=\"0\" allow=\"accelerometer; autoplay; clipboard-write; encrypted-media; gyroscope; picture-in-picture; web-share\" referrerpolicy=\"strict-origin-when-cross-origin\" allowfullscreen><\/iframe><\/p>\n\n\n\n<p>Une m\u00e9thode qui n&#8217;a pas encore fait ses preuves pour apprendre l&#8217;Espagnol Castillan Argentin.<br>Musique: Fran\u00e7ois R\u00e9gis.<\/p>\n\n\n\n<p><strong>Bois ton caf\u00e9<\/strong> : <\/p>\n\n\n\n<p><iframe loading=\"lazy\" title=\"Bois ton caf\u00e9 il va \u00eatre froid.\" width=\"625\" height=\"469\" src=\"https:\/\/www.youtube.com\/embed\/_axCXQDKtKU?feature=oembed\" frameborder=\"0\" allow=\"accelerometer; autoplay; clipboard-write; encrypted-media; gyroscope; picture-in-picture; web-share\" referrerpolicy=\"strict-origin-when-cross-origin\" allowfullscreen><\/iframe><\/p>\n\n\n\n<p>Tranche de vie d&#8217;un couple au quotidien bien r\u00e9gl\u00e9.<br>D&#8217;apr\u00e8s Eric Rohmer, musique de Rosette et Jean-Louis Valero.<br>Avec Marc et Pierre-Yves. Musique remix\u00e9e par Fran\u00e7ois Regis. Merci \u00e0 No\u00ebl Herpe.<\/p>\n","protected":false},"excerpt":{"rendered":"<p>M\u03a9ment : Sonorit\u00e9s synth\u00e9tiques, exp\u00e9rimentations vid\u00e9o, dispositif multim\u00e9dia, M\u03a9ment est la rencontre entre le musicien Micha\u00ebl Fristot (Melanoboy, \u00d8BE), la photographe et vid\u00e9aste Aurore Bagarry et le VJ \/ programmeur Charly Meignan (Du spectacle). Hyl\u00e9 Tape, 2017 El Aroussa : Vid\u00e9os r\u00e9alis\u00e9es pour le festival &#8220;Voir la nuit&#8221; en 2009 et 2010. A Louqsor, un man\u00e8ge s&#8217;\u00e9branle dans la nuit. Redemption : On savait bien qu&#8217;en allant \u00e0 Rio, on devrait penser \u00e0 monter l\u00e0 haut. Mais on oublie. Puis on y va, le dernier jour, tant pis pour le brouillard, on y croise d&#8217;autres touristes plus ou moins organis\u00e9s. On n&#8217;y voit rien, on le devine \u00e0 peine. On est un peu d\u00e9\u00e7u, mais on s&#8217;attarde: on y est. Soudain d\u00e9sert, Il appara\u00eet! Puis se recouvre et dispara\u00eet. Plus un bruit. On L&#8217;a vu. At Rio, we knew we have to see up here. But we forgot. Then, the last day we went. We didn&#8217;t care about the fog, we met other tourists, some of them aren&#8217;t organized. We didn&#8217;t see nothing, we could hardly see him. We were a bit desappointed, but we lingered: here we were. Sudden, it&#8217;s desert, He was looming out! And cloud over him and desappear&#8230; We saw Him! Phant\u00f4mas : Phant\u00f4mas, bandit sans visage, accumule les crimes monstrueux. Fin strat\u00e8ge et merveilleux illusionniste, il n&#8217;a de cesse que de provoquer l&#8217;inspecteur Juve. Avec le journaliste J\u00e9r\u00f4me Fandor, Juve tente &#8211; sans jamais y parvenir &#8211; de capturer, b\u00e2illonner et ligoter le diabolique criminel. Cin\u00e9ma de Feuillade, images et musique contemporaines pour tenter de d\u00e9masquer l&#8217;identit\u00e9 cach\u00e9e de cette silhouette \u00e9vanescente.\u00ab Tu n&#8217;existes pas, tes images sont des vitraux, des transparences. Quand on les tient dans la main, on voit au travers. Tu files entre les doigts. Tu es insaisissable, sinon mort. Un fant\u00f4me, comme moi. \u00bb Fant\u00f4mas contre Fant\u00f4mas, Pierre Souvestre et Marcel Allain. Un roman photo d&#8217;Aurore Bagarry, sc\u00e9nario de Noel Herpe, musique de Fran\u00e7ois R\u00e9gis. Avec Arthur Dreyfus, Barbara Carlotti, Gurwann Tran Van Gie, Laure Fardoulis, Charly Meignan et Charles Comman. Devant le dos : Au d\u00e9tour d&#8217;une cuisineou d&#8217;une salle de classe,nous suivons promptementquelques individusen soif d&#8217;apprentissageet de conseils. 2007 [&hellip;]<\/p>\n","protected":false},"author":1,"featured_media":0,"parent":0,"menu_order":0,"comment_status":"closed","ping_status":"closed","template":"","meta":{"footnotes":""},"class_list":["post-416","page","type-page","status-publish","hentry"],"jetpack_sharing_enabled":true,"_links":{"self":[{"href":"https:\/\/aurorebagarry.com\/index.php\/wp-json\/wp\/v2\/pages\/416","targetHints":{"allow":["GET"]}}],"collection":[{"href":"https:\/\/aurorebagarry.com\/index.php\/wp-json\/wp\/v2\/pages"}],"about":[{"href":"https:\/\/aurorebagarry.com\/index.php\/wp-json\/wp\/v2\/types\/page"}],"author":[{"embeddable":true,"href":"https:\/\/aurorebagarry.com\/index.php\/wp-json\/wp\/v2\/users\/1"}],"replies":[{"embeddable":true,"href":"https:\/\/aurorebagarry.com\/index.php\/wp-json\/wp\/v2\/comments?post=416"}],"version-history":[{"count":10,"href":"https:\/\/aurorebagarry.com\/index.php\/wp-json\/wp\/v2\/pages\/416\/revisions"}],"predecessor-version":[{"id":1375,"href":"https:\/\/aurorebagarry.com\/index.php\/wp-json\/wp\/v2\/pages\/416\/revisions\/1375"}],"wp:attachment":[{"href":"https:\/\/aurorebagarry.com\/index.php\/wp-json\/wp\/v2\/media?parent=416"}],"curies":[{"name":"wp","href":"https:\/\/api.w.org\/{rel}","templated":true}]}}