{"id":682,"date":"2021-10-31T20:06:10","date_gmt":"2021-10-31T19:06:10","guid":{"rendered":"http:\/\/aurorebagarry.com\/?page_id=682"},"modified":"2025-09-13T12:34:31","modified_gmt":"2025-09-13T10:34:31","slug":"les-formes-de-leau","status":"publish","type":"page","link":"https:\/\/aurorebagarry.com\/index.php\/les-formes-de-leau\/","title":{"rendered":"Les formes de l&#8217;eau"},"content":{"rendered":"\n<p>2020-2021 <br>Commande nationale <em>Regards du Grand Paris #4<\/em> port\u00e9e par les <strong>Ateliers M\u00e9dicis <\/strong>et le <strong>CNAP : <\/strong>Quel avenir commun ? <br><strong>\u00a9 <a href=\"https:\/\/www.cnap.fr\/collection-en-ligne#\/artworks?filters=query%3ABAGARRY%20Aurore%E2%86%B9BAGARRY%20Aurore\" target=\"_blank\" rel=\"noreferrer noopener\">Collection du CNAP<\/a><\/strong><br><br>L\u2019eau est un \u00e9l\u00e9ment commun et partag\u00e9. Les flux aquatiques ont model\u00e9 le bassin parisien par vagues de s\u00e9dimentation dont les reliefs actuels ont structur\u00e9 notre regard. Il est form\u00e9 de roches d\u2019origines marine, lacustre, lagunaire ou fluviatile. Depuis ce socle tertiaire, quel avenir commun li\u00e9 \u00e0 l\u2019eau les franciliens partagent-ils ? En partant des profondeurs et de ce qui affleure, il s\u2019agit d\u2019observer les traces laiss\u00e9es par l\u2019eau. Fossiles, s\u00e9diments, mouvements de terrain, \u00e9rosion, effondrements sont r\u00e9pertori\u00e9s tels des indices formant l\u2019esquisse d\u2019un avenir commun.&nbsp;<\/p>\n\n\n\n<p>Cet ensemble est d\u00e9coup\u00e9 en trois temps :<\/p>\n\n\n\n<ol class=\"wp-block-list\">\n<li><em>Grand-Paris-Oc\u00e9an<\/em> : cette s\u00e9rie porte sur la g\u00e9ologie du Bassin parisien et des traces laiss\u00e9es par les anciens oc\u00e9ans. Avec le g\u00e9ologue Patrick de Wever, professeur \u00e9m\u00e9rite du Mus\u00e9um National d\u2019Histoire Naturelle, les pal\u00e9ontologues Didier Merle et Alan Pradel, Ma\u00eetres de Conf\u00e9rences et charg\u00e9s de collection au Mus\u00e9um National d\u2019Histoire Naturelle de Paris&nbsp;<\/li>\n\n\n\n<li><em>Regards<\/em> : Les regards de l\u2019aqueduc M\u00e9dicis ou l\u2019eau ma\u00eetris\u00e9e par l\u2019homme au XVIIe si\u00e8cle<\/li>\n\n\n\n<li><em>Ether<\/em> : l\u2019eau \u00e0 l\u2019\u00e9tat gazeux et les constellations aquatiques<\/li>\n<\/ol>\n\n\n\n<p><\/p>\n\n\n\n<p>1. <strong style=\"font-style: italic;\">Grand-Paris-Oc\u00e9ans<\/strong> &#8211; G\u00e9ologie des oc\u00e9ans disparus&nbsp;<\/p>\n\n\n\n<figure class=\"wp-block-gallery has-nested-images columns-default wp-block-gallery-1 is-layout-flex wp-block-gallery-is-layout-flex\">\n<figure class=\"wp-block-image size-large\"><a href=\"https:\/\/aurorebagarry.com\/wp-content\/uploads\/2021\/10\/gogotte_fontainebleau-1.jpg\"><img loading=\"lazy\" decoding=\"async\" width=\"900\" height=\"713\" data-id=\"693\" src=\"https:\/\/aurorebagarry.com\/wp-content\/uploads\/2021\/10\/gogotte_fontainebleau-1.jpg\" alt=\"\" class=\"wp-image-693\" srcset=\"https:\/\/aurorebagarry.com\/wp-content\/uploads\/2021\/10\/gogotte_fontainebleau-1.jpg 900w, https:\/\/aurorebagarry.com\/wp-content\/uploads\/2021\/10\/gogotte_fontainebleau-1-300x238.jpg 300w, https:\/\/aurorebagarry.com\/wp-content\/uploads\/2021\/10\/gogotte_fontainebleau-1-768x608.jpg 768w, https:\/\/aurorebagarry.com\/wp-content\/uploads\/2021\/10\/gogotte_fontainebleau-1-624x494.jpg 624w\" sizes=\"auto, (max-width: 900px) 100vw, 900px\" \/><\/a><\/figure>\n\n\n\n<figure class=\"wp-block-image size-large\"><a href=\"https:\/\/aurorebagarry.com\/wp-content\/uploads\/2021\/10\/Gres_fontainebleau.jpg\"><img loading=\"lazy\" decoding=\"async\" width=\"900\" height=\"713\" data-id=\"694\" src=\"https:\/\/aurorebagarry.com\/wp-content\/uploads\/2021\/10\/Gres_fontainebleau.jpg\" alt=\"\" class=\"wp-image-694\" srcset=\"https:\/\/aurorebagarry.com\/wp-content\/uploads\/2021\/10\/Gres_fontainebleau.jpg 900w, https:\/\/aurorebagarry.com\/wp-content\/uploads\/2021\/10\/Gres_fontainebleau-300x238.jpg 300w, https:\/\/aurorebagarry.com\/wp-content\/uploads\/2021\/10\/Gres_fontainebleau-768x608.jpg 768w, https:\/\/aurorebagarry.com\/wp-content\/uploads\/2021\/10\/Gres_fontainebleau-624x494.jpg 624w\" sizes=\"auto, (max-width: 900px) 100vw, 900px\" \/><\/a><\/figure>\n\n\n\n<figure class=\"wp-block-image size-large\"><a href=\"https:\/\/aurorebagarry.com\/wp-content\/uploads\/2021\/10\/stalactites.jpg\"><img loading=\"lazy\" decoding=\"async\" width=\"900\" height=\"713\" data-id=\"700\" src=\"https:\/\/aurorebagarry.com\/wp-content\/uploads\/2021\/10\/stalactites.jpg\" alt=\"\" class=\"wp-image-700\" srcset=\"https:\/\/aurorebagarry.com\/wp-content\/uploads\/2021\/10\/stalactites.jpg 900w, https:\/\/aurorebagarry.com\/wp-content\/uploads\/2021\/10\/stalactites-300x238.jpg 300w, https:\/\/aurorebagarry.com\/wp-content\/uploads\/2021\/10\/stalactites-768x608.jpg 768w, https:\/\/aurorebagarry.com\/wp-content\/uploads\/2021\/10\/stalactites-624x494.jpg 624w\" sizes=\"auto, (max-width: 900px) 100vw, 900px\" \/><\/a><\/figure>\n\n\n\n<figure class=\"wp-block-image size-large\"><a href=\"https:\/\/aurorebagarry.com\/wp-content\/uploads\/2021\/10\/21-04.jpg\"><img loading=\"lazy\" decoding=\"async\" width=\"900\" height=\"740\" data-id=\"685\" src=\"https:\/\/aurorebagarry.com\/wp-content\/uploads\/2021\/10\/21-04.jpg\" alt=\"\" class=\"wp-image-685\" srcset=\"https:\/\/aurorebagarry.com\/wp-content\/uploads\/2021\/10\/21-04.jpg 900w, https:\/\/aurorebagarry.com\/wp-content\/uploads\/2021\/10\/21-04-300x247.jpg 300w, https:\/\/aurorebagarry.com\/wp-content\/uploads\/2021\/10\/21-04-768x631.jpg 768w, https:\/\/aurorebagarry.com\/wp-content\/uploads\/2021\/10\/21-04-624x513.jpg 624w\" sizes=\"auto, (max-width: 900px) 100vw, 900px\" \/><\/a><\/figure>\n\n\n\n<figure class=\"wp-block-image size-large\"><a href=\"https:\/\/aurorebagarry.com\/wp-content\/uploads\/2021\/10\/gypse_cormeilles.jpg\"><img loading=\"lazy\" decoding=\"async\" width=\"900\" height=\"713\" data-id=\"696\" src=\"https:\/\/aurorebagarry.com\/wp-content\/uploads\/2021\/10\/gypse_cormeilles.jpg\" alt=\"\" class=\"wp-image-696\" srcset=\"https:\/\/aurorebagarry.com\/wp-content\/uploads\/2021\/10\/gypse_cormeilles.jpg 900w, https:\/\/aurorebagarry.com\/wp-content\/uploads\/2021\/10\/gypse_cormeilles-300x238.jpg 300w, https:\/\/aurorebagarry.com\/wp-content\/uploads\/2021\/10\/gypse_cormeilles-768x608.jpg 768w, https:\/\/aurorebagarry.com\/wp-content\/uploads\/2021\/10\/gypse_cormeilles-624x494.jpg 624w\" sizes=\"auto, (max-width: 900px) 100vw, 900px\" \/><\/a><\/figure>\n\n\n\n<figure class=\"wp-block-image size-large\"><a href=\"https:\/\/aurorebagarry.com\/wp-content\/uploads\/2021\/10\/carriere_de_la_brasserie.jpg\"><img loading=\"lazy\" decoding=\"async\" width=\"900\" height=\"713\" data-id=\"689\" src=\"https:\/\/aurorebagarry.com\/wp-content\/uploads\/2021\/10\/carriere_de_la_brasserie.jpg\" alt=\"\" class=\"wp-image-689\" srcset=\"https:\/\/aurorebagarry.com\/wp-content\/uploads\/2021\/10\/carriere_de_la_brasserie.jpg 900w, https:\/\/aurorebagarry.com\/wp-content\/uploads\/2021\/10\/carriere_de_la_brasserie-300x238.jpg 300w, https:\/\/aurorebagarry.com\/wp-content\/uploads\/2021\/10\/carriere_de_la_brasserie-768x608.jpg 768w, https:\/\/aurorebagarry.com\/wp-content\/uploads\/2021\/10\/carriere_de_la_brasserie-624x494.jpg 624w\" sizes=\"auto, (max-width: 900px) 100vw, 900px\" \/><\/a><\/figure>\n\n\n\n<figure class=\"wp-block-image size-large\"><a href=\"https:\/\/aurorebagarry.com\/wp-content\/uploads\/2021\/10\/corail_Vigny_Longuesse.jpg\"><img loading=\"lazy\" decoding=\"async\" width=\"713\" height=\"900\" data-id=\"692\" src=\"https:\/\/aurorebagarry.com\/wp-content\/uploads\/2021\/10\/corail_Vigny_Longuesse.jpg\" alt=\"\" class=\"wp-image-692\" srcset=\"https:\/\/aurorebagarry.com\/wp-content\/uploads\/2021\/10\/corail_Vigny_Longuesse.jpg 713w, https:\/\/aurorebagarry.com\/wp-content\/uploads\/2021\/10\/corail_Vigny_Longuesse-238x300.jpg 238w, https:\/\/aurorebagarry.com\/wp-content\/uploads\/2021\/10\/corail_Vigny_Longuesse-624x788.jpg 624w\" sizes=\"auto, (max-width: 713px) 100vw, 713px\" \/><\/a><\/figure>\n\n\n\n<figure class=\"wp-block-image size-large\"><a href=\"https:\/\/aurorebagarry.com\/wp-content\/uploads\/2021\/10\/gypse_buttes_chaumont.jpg\"><img loading=\"lazy\" decoding=\"async\" width=\"713\" height=\"900\" data-id=\"695\" src=\"https:\/\/aurorebagarry.com\/wp-content\/uploads\/2021\/10\/gypse_buttes_chaumont.jpg\" alt=\"\" class=\"wp-image-695\" srcset=\"https:\/\/aurorebagarry.com\/wp-content\/uploads\/2021\/10\/gypse_buttes_chaumont.jpg 713w, https:\/\/aurorebagarry.com\/wp-content\/uploads\/2021\/10\/gypse_buttes_chaumont-238x300.jpg 238w, https:\/\/aurorebagarry.com\/wp-content\/uploads\/2021\/10\/gypse_buttes_chaumont-624x788.jpg 624w\" sizes=\"auto, (max-width: 713px) 100vw, 713px\" \/><\/a><\/figure>\n\n\n\n<figure class=\"wp-block-image size-large\"><a href=\"https:\/\/aurorebagarry.com\/wp-content\/uploads\/2021\/10\/gypse_vaux_sur_seine.jpg\"><img loading=\"lazy\" decoding=\"async\" width=\"811\" height=\"1024\" data-id=\"697\" src=\"https:\/\/aurorebagarry.com\/wp-content\/uploads\/2021\/10\/gypse_vaux_sur_seine-811x1024.jpg\" alt=\"\" class=\"wp-image-697\" srcset=\"https:\/\/aurorebagarry.com\/wp-content\/uploads\/2021\/10\/gypse_vaux_sur_seine-811x1024.jpg 811w, https:\/\/aurorebagarry.com\/wp-content\/uploads\/2021\/10\/gypse_vaux_sur_seine-238x300.jpg 238w, https:\/\/aurorebagarry.com\/wp-content\/uploads\/2021\/10\/gypse_vaux_sur_seine-768x969.jpg 768w, https:\/\/aurorebagarry.com\/wp-content\/uploads\/2021\/10\/gypse_vaux_sur_seine-624x788.jpg 624w, https:\/\/aurorebagarry.com\/wp-content\/uploads\/2021\/10\/gypse_vaux_sur_seine.jpg 900w\" sizes=\"auto, (max-width: 811px) 100vw, 811px\" \/><\/a><\/figure>\n\n\n\n<figure class=\"wp-block-image size-large\"><a href=\"https:\/\/aurorebagarry.com\/wp-content\/uploads\/2021\/10\/Campanile_giganteum.jpg\"><img loading=\"lazy\" decoding=\"async\" width=\"900\" height=\"713\" data-id=\"688\" src=\"https:\/\/aurorebagarry.com\/wp-content\/uploads\/2021\/10\/Campanile_giganteum.jpg\" alt=\"\" class=\"wp-image-688\" srcset=\"https:\/\/aurorebagarry.com\/wp-content\/uploads\/2021\/10\/Campanile_giganteum.jpg 900w, https:\/\/aurorebagarry.com\/wp-content\/uploads\/2021\/10\/Campanile_giganteum-300x238.jpg 300w, https:\/\/aurorebagarry.com\/wp-content\/uploads\/2021\/10\/Campanile_giganteum-768x608.jpg 768w, https:\/\/aurorebagarry.com\/wp-content\/uploads\/2021\/10\/Campanile_giganteum-624x494.jpg 624w\" sizes=\"auto, (max-width: 900px) 100vw, 900px\" \/><\/a><\/figure>\n\n\n\n<figure class=\"wp-block-image size-large\"><a href=\"https:\/\/aurorebagarry.com\/wp-content\/uploads\/2021\/10\/Baroniceris_valmondoisiaca.jpg\"><img loading=\"lazy\" decoding=\"async\" width=\"900\" height=\"713\" data-id=\"686\" src=\"https:\/\/aurorebagarry.com\/wp-content\/uploads\/2021\/10\/Baroniceris_valmondoisiaca.jpg\" alt=\"\" class=\"wp-image-686\" srcset=\"https:\/\/aurorebagarry.com\/wp-content\/uploads\/2021\/10\/Baroniceris_valmondoisiaca.jpg 900w, https:\/\/aurorebagarry.com\/wp-content\/uploads\/2021\/10\/Baroniceris_valmondoisiaca-300x238.jpg 300w, https:\/\/aurorebagarry.com\/wp-content\/uploads\/2021\/10\/Baroniceris_valmondoisiaca-768x608.jpg 768w, https:\/\/aurorebagarry.com\/wp-content\/uploads\/2021\/10\/Baroniceris_valmondoisiaca-624x494.jpg 624w\" sizes=\"auto, (max-width: 900px) 100vw, 900px\" \/><\/a><\/figure>\n\n\n\n<figure class=\"wp-block-image size-large\"><a href=\"https:\/\/aurorebagarry.com\/wp-content\/uploads\/2021\/10\/Ovula_gisortiana.jpg\"><img loading=\"lazy\" decoding=\"async\" width=\"900\" height=\"713\" data-id=\"699\" src=\"https:\/\/aurorebagarry.com\/wp-content\/uploads\/2021\/10\/Ovula_gisortiana.jpg\" alt=\"\" class=\"wp-image-699\" srcset=\"https:\/\/aurorebagarry.com\/wp-content\/uploads\/2021\/10\/Ovula_gisortiana.jpg 900w, https:\/\/aurorebagarry.com\/wp-content\/uploads\/2021\/10\/Ovula_gisortiana-300x238.jpg 300w, https:\/\/aurorebagarry.com\/wp-content\/uploads\/2021\/10\/Ovula_gisortiana-768x608.jpg 768w, https:\/\/aurorebagarry.com\/wp-content\/uploads\/2021\/10\/Ovula_gisortiana-624x494.jpg 624w\" sizes=\"auto, (max-width: 900px) 100vw, 900px\" \/><\/a><\/figure>\n\n\n\n<figure class=\"wp-block-image size-large\"><a href=\"https:\/\/aurorebagarry.com\/wp-content\/uploads\/2021\/10\/Tenagodus_striatus.jpg\"><img loading=\"lazy\" decoding=\"async\" width=\"900\" height=\"713\" data-id=\"701\" src=\"https:\/\/aurorebagarry.com\/wp-content\/uploads\/2021\/10\/Tenagodus_striatus.jpg\" alt=\"\" class=\"wp-image-701\" srcset=\"https:\/\/aurorebagarry.com\/wp-content\/uploads\/2021\/10\/Tenagodus_striatus.jpg 900w, https:\/\/aurorebagarry.com\/wp-content\/uploads\/2021\/10\/Tenagodus_striatus-300x238.jpg 300w, https:\/\/aurorebagarry.com\/wp-content\/uploads\/2021\/10\/Tenagodus_striatus-768x608.jpg 768w, https:\/\/aurorebagarry.com\/wp-content\/uploads\/2021\/10\/Tenagodus_striatus-624x494.jpg 624w\" sizes=\"auto, (max-width: 900px) 100vw, 900px\" \/><\/a><\/figure>\n\n\n\n<figure class=\"wp-block-image size-large\"><a href=\"https:\/\/aurorebagarry.com\/wp-content\/uploads\/2021\/10\/Imhoffichthys_lutetianus.jpg\"><img loading=\"lazy\" decoding=\"async\" width=\"900\" height=\"713\" data-id=\"698\" src=\"https:\/\/aurorebagarry.com\/wp-content\/uploads\/2021\/10\/Imhoffichthys_lutetianus.jpg\" alt=\"\" class=\"wp-image-698\" srcset=\"https:\/\/aurorebagarry.com\/wp-content\/uploads\/2021\/10\/Imhoffichthys_lutetianus.jpg 900w, https:\/\/aurorebagarry.com\/wp-content\/uploads\/2021\/10\/Imhoffichthys_lutetianus-300x238.jpg 300w, https:\/\/aurorebagarry.com\/wp-content\/uploads\/2021\/10\/Imhoffichthys_lutetianus-768x608.jpg 768w, https:\/\/aurorebagarry.com\/wp-content\/uploads\/2021\/10\/Imhoffichthys_lutetianus-624x494.jpg 624w\" sizes=\"auto, (max-width: 900px) 100vw, 900px\" \/><\/a><\/figure>\n\n\n\n<figure class=\"wp-block-image size-large\"><a href=\"https:\/\/aurorebagarry.com\/wp-content\/uploads\/2021\/10\/Zapterix_bichuti.jpg\"><img loading=\"lazy\" decoding=\"async\" width=\"900\" height=\"713\" data-id=\"702\" src=\"https:\/\/aurorebagarry.com\/wp-content\/uploads\/2021\/10\/Zapterix_bichuti.jpg\" alt=\"\" class=\"wp-image-702\" srcset=\"https:\/\/aurorebagarry.com\/wp-content\/uploads\/2021\/10\/Zapterix_bichuti.jpg 900w, https:\/\/aurorebagarry.com\/wp-content\/uploads\/2021\/10\/Zapterix_bichuti-300x238.jpg 300w, https:\/\/aurorebagarry.com\/wp-content\/uploads\/2021\/10\/Zapterix_bichuti-768x608.jpg 768w, https:\/\/aurorebagarry.com\/wp-content\/uploads\/2021\/10\/Zapterix_bichuti-624x494.jpg 624w\" sizes=\"auto, (max-width: 900px) 100vw, 900px\" \/><\/a><\/figure>\n<\/figure>\n\n\n\n<p><\/p>\n\n\n\n<p>2.<em><strong> Regards<\/strong><\/em> &#8211; L\u2019eau maitris\u00e9e \u00e0 l\u2019\u00e2ge classique (XVIIe sci\u00e8cle)&nbsp;<\/p>\n\n\n\n<figure class=\"wp-block-gallery has-nested-images columns-default wp-block-gallery-2 is-layout-flex wp-block-gallery-is-layout-flex\">\n<figure class=\"wp-block-image size-large\"><a href=\"https:\/\/aurorebagarry.com\/wp-content\/uploads\/2021\/10\/aqueduc_medicis-1.jpg\"><img loading=\"lazy\" decoding=\"async\" width=\"841\" height=\"1024\" data-id=\"705\" src=\"https:\/\/aurorebagarry.com\/wp-content\/uploads\/2021\/10\/aqueduc_medicis-1-841x1024.jpg\" alt=\"\" class=\"wp-image-705\" srcset=\"https:\/\/aurorebagarry.com\/wp-content\/uploads\/2021\/10\/aqueduc_medicis-1-841x1024.jpg 841w, https:\/\/aurorebagarry.com\/wp-content\/uploads\/2021\/10\/aqueduc_medicis-1-246x300.jpg 246w, https:\/\/aurorebagarry.com\/wp-content\/uploads\/2021\/10\/aqueduc_medicis-1-768x935.jpg 768w, https:\/\/aurorebagarry.com\/wp-content\/uploads\/2021\/10\/aqueduc_medicis-1-624x760.jpg 624w, https:\/\/aurorebagarry.com\/wp-content\/uploads\/2021\/10\/aqueduc_medicis-1.jpg 1000w\" sizes=\"auto, (max-width: 841px) 100vw, 841px\" \/><\/a><\/figure>\n\n\n\n<figure class=\"wp-block-image size-large\"><a href=\"https:\/\/aurorebagarry.com\/wp-content\/uploads\/2021\/10\/fontaine_medicis-1.jpg\"><img loading=\"lazy\" decoding=\"async\" width=\"900\" height=\"713\" data-id=\"706\" src=\"https:\/\/aurorebagarry.com\/wp-content\/uploads\/2021\/10\/fontaine_medicis-1.jpg\" alt=\"\" class=\"wp-image-706\" srcset=\"https:\/\/aurorebagarry.com\/wp-content\/uploads\/2021\/10\/fontaine_medicis-1.jpg 900w, https:\/\/aurorebagarry.com\/wp-content\/uploads\/2021\/10\/fontaine_medicis-1-300x238.jpg 300w, https:\/\/aurorebagarry.com\/wp-content\/uploads\/2021\/10\/fontaine_medicis-1-768x608.jpg 768w, https:\/\/aurorebagarry.com\/wp-content\/uploads\/2021\/10\/fontaine_medicis-1-624x494.jpg 624w\" sizes=\"auto, (max-width: 900px) 100vw, 900px\" \/><\/a><\/figure>\n<\/figure>\n\n\n\n<p><\/p>\n\n\n\n<p>3.<em><strong> Ether<\/strong><\/em> &#8211; Etat gazeux et constellations aquatiques&nbsp;<\/p>\n\n\n\n<figure class=\"wp-block-gallery has-nested-images columns-default wp-block-gallery-3 is-layout-flex wp-block-gallery-is-layout-flex\">\n<figure class=\"wp-block-image size-large\"><a href=\"https:\/\/aurorebagarry.com\/wp-content\/uploads\/2021\/10\/constellation_cygn-1.jpg\"><img loading=\"lazy\" decoding=\"async\" width=\"900\" height=\"713\" data-id=\"707\" src=\"https:\/\/aurorebagarry.com\/wp-content\/uploads\/2021\/10\/constellation_cygn-1.jpg\" alt=\"\" class=\"wp-image-707\" srcset=\"https:\/\/aurorebagarry.com\/wp-content\/uploads\/2021\/10\/constellation_cygn-1.jpg 900w, https:\/\/aurorebagarry.com\/wp-content\/uploads\/2021\/10\/constellation_cygn-1-300x238.jpg 300w, https:\/\/aurorebagarry.com\/wp-content\/uploads\/2021\/10\/constellation_cygn-1-768x608.jpg 768w, https:\/\/aurorebagarry.com\/wp-content\/uploads\/2021\/10\/constellation_cygn-1-624x494.jpg 624w\" sizes=\"auto, (max-width: 900px) 100vw, 900px\" \/><\/a><\/figure>\n\n\n\n<figure class=\"wp-block-image size-large\"><a href=\"https:\/\/aurorebagarry.com\/wp-content\/uploads\/2021\/10\/constellation_dauphin-1.jpg\"><img loading=\"lazy\" decoding=\"async\" width=\"900\" height=\"713\" data-id=\"708\" src=\"https:\/\/aurorebagarry.com\/wp-content\/uploads\/2021\/10\/constellation_dauphin-1.jpg\" alt=\"\" class=\"wp-image-708\" srcset=\"https:\/\/aurorebagarry.com\/wp-content\/uploads\/2021\/10\/constellation_dauphin-1.jpg 900w, https:\/\/aurorebagarry.com\/wp-content\/uploads\/2021\/10\/constellation_dauphin-1-300x238.jpg 300w, https:\/\/aurorebagarry.com\/wp-content\/uploads\/2021\/10\/constellation_dauphin-1-768x608.jpg 768w, https:\/\/aurorebagarry.com\/wp-content\/uploads\/2021\/10\/constellation_dauphin-1-624x494.jpg 624w\" sizes=\"auto, (max-width: 900px) 100vw, 900px\" \/><\/a><\/figure>\n<\/figure>\n\n\n\n<p>PARTNERS AND SUPPORTERS : Commande nationale <em>Regards du Grand Paris #4<\/em> port\u00e9e par les <strong>Ateliers M\u00e9dicis <\/strong>et le <strong>CNAP : <\/strong>Quel avenir commun ?<\/p>\n\n\n\n<p>SHOWS :\u00a0<br>* Exposition collective <em>Regards du Grand Paris<\/em> <strong>du 23 juin au 23 octobre 2022<\/strong> aux \u00a0<a href=\"https:\/\/magasinsgeneraux.com\/fr\/expositions\/regards-du-grand-paris\"><strong>Magasins G\u00e9n\u00e9raux<\/strong><\/a>, 1 rue de l\u2019Ancien Canal\u00a0, 93500 Pantin et<strong>\u00a0<a href=\"https:\/\/www.carnavalet.paris.fr\/expositions\/regards-du-grand-paris\">Mus\u00e9e Carnavalet<\/a>,<\/strong>\u00a023 rue de S\u00e9vign\u00e9, 75003 Paris<br>*\u00a0<a href=\"https:\/\/bap-idf.com\/\" target=\"_blank\" rel=\"noreferrer noopener\"><strong>Biennale de l\u2019Architecture et du Paysage<\/strong><\/a>, Versailles, du 13 mai au 13 juillet, pavillon V\u00e9g\u00e9tal et Architecture r\u00e9alis\u00e9 par ChartierDalix pour la\u00a0<a href=\"https:\/\/www.instagram.com\/metropole_du_grand_paris\/?hl=fr\">@metropole_du_grand_paris<\/a><br>* <a href=\"https:\/\/galerie-art-et-essai.univ-rennes2.fr\/aurore-bagarry-tumultes-deaux-formes-de-pierres\/\"><strong>Galerie Arts et Essais<\/strong>,<\/a> Universit\u00e9 Rennes 2, du 13 janvier au 17 f\u00e9vrier 2023. Commissariat : Bruno Elisabeth et Philippe Boulvais<br>\u00a0<\/p>\n\n\n\n<p><strong>CONVERSATION <\/strong>: <br><strong>Paris Photo<\/strong>, <a rel=\"noreferrer noopener\" href=\"https:\/\/www.parisphoto.com\/fr-fr\/programme\/plateforme.html\" target=\"_blank\">Plateforme<\/a>, jeudi 11 novembre18h30-19h30,<a rel=\"noreferrer noopener\" href=\"https:\/\/youtu.be\/0uyqBYGdF1g\" target=\"_blank\"> Table ronde sur la commande photographique nationale \u00ab\u202fREGARDS DU GRAND PARIS\u202f\u00bb<\/a><a href=\"https:\/\/youtu.be\/MVuW3NvmaUs\"> <\/a>avec <strong>Pascal Beausse<\/strong>, responsable de la collection photographie du&nbsp;<a href=\"https:\/\/www.cnap.fr\/le-cnap-est-paris-photo\">Cnap<\/a>, <strong>Aurore&nbsp;Bagarry<\/strong>, photographe,&nbsp;France&nbsp;, <strong>Karim&nbsp;Kal<\/strong>, photographe,&nbsp;France. La vid\u00e9o en <a rel=\"noreferrer noopener\" href=\"https:\/\/youtu.be\/0uyqBYGdF1g\" target=\"_blank\">FR<\/a> and in <a rel=\"noreferrer noopener\" href=\"https:\/\/youtu.be\/MVuW3NvmaUs\" target=\"_blank\">EN<\/a><br><\/p>\n\n\n\n<p><strong>PRESS :<\/strong><br>* <strong>Regards du Grand Paris #4<\/strong>,&nbsp;<a href=\"https:\/\/www.ateliersmedicis.fr\/sites\/atelier-medicis.fr\/files\/2021-01\/TAP-GRAND-PARIS_versionnumerique_V2.pdf\">Fisheye #45,<\/a>&nbsp;tir\u00e9-\u00e0-part, jan 2021<br>*&nbsp;<em>Aux sources de l\u2019eau<\/em>,&nbsp;<a href=\"https:\/\/www.amc-archi.com\/article\/aurore-bagarry-aux-sources-de-l-eau.85086\">AMC Magazine<\/a>, <strong>Mathieu Oui<\/strong>, septembre 2022<br>*&nbsp;<em>Les Formes de l\u2019eau<\/em>,&nbsp;<a href=\"https:\/\/lintervalle.blog\/2022\/06\/23\/les-formes-de-leau-grand-paris-ocean-par-aurore-bagarry-photographe\/\">L\u2019intervalle<\/a>,&nbsp;<strong>Fabien Ribery<\/strong>, juin 2022<\/p>\n","protected":false},"excerpt":{"rendered":"<p>2020-2021 Commande nationale Regards du Grand Paris #4 port\u00e9e par les Ateliers M\u00e9dicis et le CNAP : Quel avenir commun ? \u00a9 Collection du CNAP L\u2019eau est un \u00e9l\u00e9ment commun et partag\u00e9. Les flux aquatiques ont model\u00e9 le bassin parisien par vagues de s\u00e9dimentation dont les reliefs actuels ont structur\u00e9 notre regard. Il est form\u00e9 de roches d\u2019origines marine, lacustre, lagunaire ou fluviatile. Depuis ce socle tertiaire, quel avenir commun li\u00e9 \u00e0 l\u2019eau les franciliens partagent-ils ? En partant des profondeurs et de ce qui affleure, il s\u2019agit d\u2019observer les traces laiss\u00e9es par l\u2019eau. Fossiles, s\u00e9diments, mouvements de terrain, \u00e9rosion, effondrements sont r\u00e9pertori\u00e9s tels des indices formant l\u2019esquisse d\u2019un avenir commun.&nbsp; Cet ensemble est d\u00e9coup\u00e9 en trois temps : 1. Grand-Paris-Oc\u00e9ans &#8211; G\u00e9ologie des oc\u00e9ans disparus&nbsp; 2. Regards &#8211; L\u2019eau maitris\u00e9e \u00e0 l\u2019\u00e2ge classique (XVIIe sci\u00e8cle)&nbsp; 3. Ether &#8211; Etat gazeux et constellations aquatiques&nbsp; PARTNERS AND SUPPORTERS : Commande nationale Regards du Grand Paris #4 port\u00e9e par les Ateliers M\u00e9dicis et le CNAP : Quel avenir commun ? SHOWS :\u00a0* Exposition collective Regards du Grand Paris du 23 juin au 23 octobre 2022 aux \u00a0Magasins G\u00e9n\u00e9raux, 1 rue de l\u2019Ancien Canal\u00a0, 93500 Pantin et\u00a0Mus\u00e9e Carnavalet,\u00a023 rue de S\u00e9vign\u00e9, 75003 Paris*\u00a0Biennale de l\u2019Architecture et du Paysage, Versailles, du 13 mai au 13 juillet, pavillon V\u00e9g\u00e9tal et Architecture r\u00e9alis\u00e9 par ChartierDalix pour la\u00a0@metropole_du_grand_paris* Galerie Arts et Essais, Universit\u00e9 Rennes 2, du 13 janvier au 17 f\u00e9vrier 2023. Commissariat : Bruno Elisabeth et Philippe Boulvais\u00a0 CONVERSATION : Paris Photo, Plateforme, jeudi 11 novembre18h30-19h30, Table ronde sur la commande photographique nationale \u00ab\u202fREGARDS DU GRAND PARIS\u202f\u00bb avec Pascal Beausse, responsable de la collection photographie du&nbsp;Cnap, Aurore&nbsp;Bagarry, photographe,&nbsp;France&nbsp;, Karim&nbsp;Kal, photographe,&nbsp;France. La vid\u00e9o en FR and in EN PRESS :* Regards du Grand Paris #4,&nbsp;Fisheye #45,&nbsp;tir\u00e9-\u00e0-part, jan 2021*&nbsp;Aux sources de l\u2019eau,&nbsp;AMC Magazine, Mathieu Oui, septembre 2022*&nbsp;Les Formes de l\u2019eau,&nbsp;L\u2019intervalle,&nbsp;Fabien Ribery, juin 2022<\/p>\n","protected":false},"author":1,"featured_media":0,"parent":0,"menu_order":0,"comment_status":"closed","ping_status":"closed","template":"","meta":{"footnotes":""},"class_list":["post-682","page","type-page","status-publish","hentry"],"jetpack_sharing_enabled":true,"_links":{"self":[{"href":"https:\/\/aurorebagarry.com\/index.php\/wp-json\/wp\/v2\/pages\/682","targetHints":{"allow":["GET"]}}],"collection":[{"href":"https:\/\/aurorebagarry.com\/index.php\/wp-json\/wp\/v2\/pages"}],"about":[{"href":"https:\/\/aurorebagarry.com\/index.php\/wp-json\/wp\/v2\/types\/page"}],"author":[{"embeddable":true,"href":"https:\/\/aurorebagarry.com\/index.php\/wp-json\/wp\/v2\/users\/1"}],"replies":[{"embeddable":true,"href":"https:\/\/aurorebagarry.com\/index.php\/wp-json\/wp\/v2\/comments?post=682"}],"version-history":[{"count":19,"href":"https:\/\/aurorebagarry.com\/index.php\/wp-json\/wp\/v2\/pages\/682\/revisions"}],"predecessor-version":[{"id":1538,"href":"https:\/\/aurorebagarry.com\/index.php\/wp-json\/wp\/v2\/pages\/682\/revisions\/1538"}],"wp:attachment":[{"href":"https:\/\/aurorebagarry.com\/index.php\/wp-json\/wp\/v2\/media?parent=682"}],"curies":[{"name":"wp","href":"https:\/\/api.w.org\/{rel}","templated":true}]}}