{"id":74,"date":"2020-04-06T15:50:03","date_gmt":"2020-04-06T13:50:03","guid":{"rendered":"http:\/\/aurorebagarry.com\/?page_id=74"},"modified":"2026-04-11T11:43:24","modified_gmt":"2026-04-11T09:43:24","slug":"roches","status":"publish","type":"page","link":"https:\/\/aurorebagarry.com\/index.php\/roches\/","title":{"rendered":"Roches"},"content":{"rendered":"\n<figure class=\"wp-block-image size-full\"><img loading=\"lazy\" decoding=\"async\" width=\"962\" height=\"763\" src=\"https:\/\/aurorebagarry.com\/wp-content\/uploads\/2026\/04\/44_08.jpg\" alt=\"\" class=\"wp-image-1637\" srcset=\"https:\/\/aurorebagarry.com\/wp-content\/uploads\/2026\/04\/44_08.jpg 962w, https:\/\/aurorebagarry.com\/wp-content\/uploads\/2026\/04\/44_08-300x238.jpg 300w, https:\/\/aurorebagarry.com\/wp-content\/uploads\/2026\/04\/44_08-768x609.jpg 768w, https:\/\/aurorebagarry.com\/wp-content\/uploads\/2026\/04\/44_08-624x495.jpg 624w\" sizes=\"auto, (max-width: 962px) 100vw, 962px\" \/><\/figure>\n\n\n\n<p><em>Roches<\/em>, 2016-2020<br>avec le soutien de la <strong>Drac Bretagne<\/strong> (<em>Aide Individuelle \u00e0 la Cr\u00e9ation<\/em>) et le <strong>Centre d&#8217;Art Gwinzegal<\/strong>, Guingamp<\/p>\n\n\n\n<div class=\"wp-block-media-text alignwide is-stacked-on-mobile\"><figure class=\"wp-block-media-text__media\"><img loading=\"lazy\" decoding=\"async\" width=\"870\" height=\"1024\" src=\"https:\/\/aurorebagarry.com\/wp-content\/uploads\/2020\/12\/201110_jaquette-1-870x1024.jpg\" alt=\"\" class=\"wp-image-512 size-full\" srcset=\"https:\/\/aurorebagarry.com\/wp-content\/uploads\/2020\/12\/201110_jaquette-1-870x1024.jpg 870w, https:\/\/aurorebagarry.com\/wp-content\/uploads\/2020\/12\/201110_jaquette-1-255x300.jpg 255w, https:\/\/aurorebagarry.com\/wp-content\/uploads\/2020\/12\/201110_jaquette-1-768x904.jpg 768w, https:\/\/aurorebagarry.com\/wp-content\/uploads\/2020\/12\/201110_jaquette-1.jpg 877w\" sizes=\"auto, (max-width: 870px) 100vw, 870px\" \/><\/figure><div class=\"wp-block-media-text__content\">\n<p>Livre <em><a href=\"https:\/\/gwinzegal.com\/actualites\/roches\">Roches<\/a><\/em>, avec le philosophe <a href=\"https:\/\/www.franceculture.fr\/personne-gilles-a-tiberghien.html\">Gilles A. Tiberghien<\/a>, les g\u00e9ologues <a href=\"https:\/\/paleo.mnhn.fr\/fr\/annuaire\/patrick-de-wever-422\">Patrick De Wever<\/a> (MNHN) et <a href=\"https:\/\/www.researchgate.net\/profile\/Marc-Fournier-3\" data-type=\"URL\" data-id=\"https:\/\/www.researchgate.net\/profile\/Marc-Fournier-3\">Marc Fournier<\/a> (Sorbonne Universit\u00e9). Conception graphique : <a href=\"https:\/\/www.instagram.com\/marinelethellec\/\">Marine Le Thellec<\/a>, fran\u00e7ais\/anglais, 102 pages, 21&#215;26 cm, Editions Gwinzegal, d\u00e9cembre 2020.<\/p>\n<\/div><\/div>\n\n\n\n<p><strong>Ces Blocs de temps fig\u00e9 <\/strong> (extraits) <strong>\u2013 Gilles A. Tiberghien<\/strong><\/p>\n\n\n\n<p>En allant, du c\u00f4t\u00e9 fran\u00e7ais, de Calais \u00e0 Brest et en passant par Varengeville, la pointe du Hoc, le cap Levi dans le Cotentin et nombre de bourgades du Finist\u00e8re et des C\u00f4tes-d\u2019Armor, Aurore Bagarry a photographi\u00e9 un paysage \u00ab&nbsp;\u00e0 bout portant&nbsp;\u00bb, pour employer une expression que peut justifier la notion de tir photographique, mais qui dit bien la sensation de brutale mise en pr\u00e9sence ressentie lorsque l\u2019on regarde ces images. En Angleterre, sur l\u2019autre rive de la Manche, de la m\u00eame fa\u00e7on, l\u2019artiste a sym\u00e9triquement parcouru la c\u00f4te vers l\u2019ouest en partant d\u2019Eastbourne jusqu\u2019au cap Lizard en Cornouailles, pour, parvenue \u00e0 l\u2019extr\u00e9mit\u00e9 de la p\u00e9ninsule, revenir vers Maer Cliff pr\u00e8s de Bude, au nord-ouest du Dartmoor National Park, face au pays de Galles.<br>Ce que l\u2019on voit ici est d\u2019une nature ind\u00e9termin\u00e9e et tient aussi bien du relev\u00e9 topographique que de la photographie de paysage. Tr\u00e8s peu de ciel, voire pas du tout dans ces images qu\u2019il est quasi impossible de situer si l\u2019on n\u2019a pas rep\u00e9r\u00e9 sur une carte l\u2019endroit o\u00f9 elles ont \u00e9t\u00e9 prises. Que l\u2019on soit en France ou de l\u2019autre c\u00f4t\u00e9 de la Manche, rien ne permet de le comprendre vraiment.<br>La c\u00f4te semble une gigantesque palette sur laquelle la mer a essay\u00e9 ses couleurs&nbsp;: les mauves se marient aux jaunes et aux verts de chlorophylle et de boue m\u00eal\u00e9es, les ocres l\u00e9preux bourgeonnent de buissons nains, les gris entaill\u00e9s de d\u00e9pressions bleu\u00e2tres semblent s\u2019incliner sous la pouss\u00e9e des vents, les gr\u00e8s sombres vein\u00e9s de rose se d\u00e9coupent sur le ciel gris, les falaises dressent le profil cr\u00e9nel\u00e9 de leurs murailles blanches d\u00e9cap\u00e9es par le sel, leurs tourelles coiff\u00e9es de gazon ras, parfois macul\u00e9es de lichen sombre, ou stri\u00e9es de bandes verticales dessin\u00e9es par les eaux de ruissellement.<\/p>\n\n\n\n<p><strong>These Blocks of Frozen Time \u2013 Gilles A. Tiberghien<\/strong><\/p>\n\n\n\n<p>As Aurore Bagarry made her way, on the French side of the Channel, from Calais to Brest, by way of Varang\u00e9ville, the Le Hoc promontory, Cap Levi in the Cotentin, and several small towns in Finisterre and the C\u00f4tes d\u2019Armor, she photographed a landscape at \u201cpoint blank range\u201d, to use a phrase that may explain the notion of the photographic shot, but which also expresses the sensation of brutal presence felt when you look at these pictures. In England, on the northern shores of the Channel, the artist likewise journeyed westward along the coast, starting from Southampton and ending up at the Lizard, at the tip of Cornwall, and then, having reached the end of the peninsula, made her way back by way of Maer Cliff near Bude, to the northwest of Dartmoor National Park, facing Wales.<br>What we see here is indeterminate, and has as much to do with topographical survey as with landscape photography. Very little sky, or even no sky at all in these images which it is almost impossible to situate, if you have not located on a map the place where the photos were taken. Whether you are in France or on the other side of the Channel, nothing helps you to really understand it.<br>The coast thus seems like a gigantic palette on which the sea has tested its colours: mauves marry the yellows and greens of chlorophyll and mud mixed together, sickly ochres bud from dwarf bushes, greys notched by bluish hollows seem to bow beneath the force of winds, dark sandstones streaked with pink stand out against the grey sky, cliffs display the crenellated shapes of their white walls stripped by salt, their turrets surmounted by low grass, sometimes spotted with dark lichen, or streaked with vertical stripes made by trickling water.<\/p>\n\n\n\n<p class=\"has-text-align-right\">Translation : Simon Pleasance<\/p>\n\n\n\n<figure class=\"wp-block-image size-large\"><img loading=\"lazy\" decoding=\"async\" width=\"1024\" height=\"815\" src=\"https:\/\/aurorebagarry.com\/wp-content\/uploads\/2020\/04\/Bagarry_Aurore_roches_08-1024x815.jpg\" alt=\"\" class=\"wp-image-204\" srcset=\"https:\/\/aurorebagarry.com\/wp-content\/uploads\/2020\/04\/Bagarry_Aurore_roches_08-1024x815.jpg 1024w, https:\/\/aurorebagarry.com\/wp-content\/uploads\/2020\/04\/Bagarry_Aurore_roches_08-300x239.jpg 300w, https:\/\/aurorebagarry.com\/wp-content\/uploads\/2020\/04\/Bagarry_Aurore_roches_08-768x611.jpg 768w, https:\/\/aurorebagarry.com\/wp-content\/uploads\/2020\/04\/Bagarry_Aurore_roches_08-1536x1222.jpg 1536w, https:\/\/aurorebagarry.com\/wp-content\/uploads\/2020\/04\/Bagarry_Aurore_roches_08-2048x1630.jpg 2048w, https:\/\/aurorebagarry.com\/wp-content\/uploads\/2020\/04\/Bagarry_Aurore_roches_08-1000x796.jpg 1000w\" sizes=\"auto, (max-width: 1024px) 100vw, 1024px\" \/><\/figure>\n\n\n\n<figure class=\"wp-block-image size-large\"><img loading=\"lazy\" decoding=\"async\" width=\"1024\" height=\"815\" src=\"https:\/\/aurorebagarry.com\/wp-content\/uploads\/2020\/04\/Bagarry_Aurore_roches_05-1024x815.jpg\" alt=\"\" class=\"wp-image-202\" srcset=\"https:\/\/aurorebagarry.com\/wp-content\/uploads\/2020\/04\/Bagarry_Aurore_roches_05-1024x815.jpg 1024w, https:\/\/aurorebagarry.com\/wp-content\/uploads\/2020\/04\/Bagarry_Aurore_roches_05-300x239.jpg 300w, https:\/\/aurorebagarry.com\/wp-content\/uploads\/2020\/04\/Bagarry_Aurore_roches_05-768x611.jpg 768w, https:\/\/aurorebagarry.com\/wp-content\/uploads\/2020\/04\/Bagarry_Aurore_roches_05-1536x1222.jpg 1536w, https:\/\/aurorebagarry.com\/wp-content\/uploads\/2020\/04\/Bagarry_Aurore_roches_05-2048x1630.jpg 2048w, https:\/\/aurorebagarry.com\/wp-content\/uploads\/2020\/04\/Bagarry_Aurore_roches_05-1000x796.jpg 1000w\" sizes=\"auto, (max-width: 1024px) 100vw, 1024px\" \/><\/figure>\n\n\n\n<figure class=\"wp-block-image size-large\"><img loading=\"lazy\" decoding=\"async\" width=\"1024\" height=\"815\" src=\"https:\/\/aurorebagarry.com\/wp-content\/uploads\/2020\/04\/Bagarry_Aurore_roches_04-1024x815.jpg\" alt=\"\" class=\"wp-image-206\" srcset=\"https:\/\/aurorebagarry.com\/wp-content\/uploads\/2020\/04\/Bagarry_Aurore_roches_04-1024x815.jpg 1024w, https:\/\/aurorebagarry.com\/wp-content\/uploads\/2020\/04\/Bagarry_Aurore_roches_04-300x239.jpg 300w, https:\/\/aurorebagarry.com\/wp-content\/uploads\/2020\/04\/Bagarry_Aurore_roches_04-768x611.jpg 768w, https:\/\/aurorebagarry.com\/wp-content\/uploads\/2020\/04\/Bagarry_Aurore_roches_04-1536x1222.jpg 1536w, https:\/\/aurorebagarry.com\/wp-content\/uploads\/2020\/04\/Bagarry_Aurore_roches_04-2048x1630.jpg 2048w, https:\/\/aurorebagarry.com\/wp-content\/uploads\/2020\/04\/Bagarry_Aurore_roches_04-1000x796.jpg 1000w\" sizes=\"auto, (max-width: 1024px) 100vw, 1024px\" \/><\/figure>\n\n\n\n<figure class=\"wp-block-image size-full\"><img loading=\"lazy\" decoding=\"async\" width=\"962\" height=\"763\" src=\"https:\/\/aurorebagarry.com\/wp-content\/uploads\/2022\/07\/08_13.jpg\" alt=\"\" class=\"wp-image-941\" srcset=\"https:\/\/aurorebagarry.com\/wp-content\/uploads\/2022\/07\/08_13.jpg 962w, https:\/\/aurorebagarry.com\/wp-content\/uploads\/2022\/07\/08_13-300x238.jpg 300w, https:\/\/aurorebagarry.com\/wp-content\/uploads\/2022\/07\/08_13-768x609.jpg 768w, https:\/\/aurorebagarry.com\/wp-content\/uploads\/2022\/07\/08_13-624x495.jpg 624w\" sizes=\"auto, (max-width: 962px) 100vw, 962px\" \/><\/figure>\n\n\n\n<figure class=\"wp-block-image size-full\"><img loading=\"lazy\" decoding=\"async\" width=\"962\" height=\"763\" src=\"https:\/\/aurorebagarry.com\/wp-content\/uploads\/2022\/07\/24_34.jpg\" alt=\"\" class=\"wp-image-940\" srcset=\"https:\/\/aurorebagarry.com\/wp-content\/uploads\/2022\/07\/24_34.jpg 962w, https:\/\/aurorebagarry.com\/wp-content\/uploads\/2022\/07\/24_34-300x238.jpg 300w, https:\/\/aurorebagarry.com\/wp-content\/uploads\/2022\/07\/24_34-768x609.jpg 768w, https:\/\/aurorebagarry.com\/wp-content\/uploads\/2022\/07\/24_34-624x495.jpg 624w\" sizes=\"auto, (max-width: 962px) 100vw, 962px\" \/><\/figure>\n\n\n\n<figure class=\"wp-block-image size-full\"><img loading=\"lazy\" decoding=\"async\" width=\"962\" height=\"763\" src=\"https:\/\/aurorebagarry.com\/wp-content\/uploads\/2022\/07\/29_16-echappee_gwinzegal-07.jpg\" alt=\"\" class=\"wp-image-942\" srcset=\"https:\/\/aurorebagarry.com\/wp-content\/uploads\/2022\/07\/29_16-echappee_gwinzegal-07.jpg 962w, https:\/\/aurorebagarry.com\/wp-content\/uploads\/2022\/07\/29_16-echappee_gwinzegal-07-300x238.jpg 300w, https:\/\/aurorebagarry.com\/wp-content\/uploads\/2022\/07\/29_16-echappee_gwinzegal-07-768x609.jpg 768w, https:\/\/aurorebagarry.com\/wp-content\/uploads\/2022\/07\/29_16-echappee_gwinzegal-07-624x495.jpg 624w\" sizes=\"auto, (max-width: 962px) 100vw, 962px\" \/><\/figure>\n\n\n\n<figure class=\"wp-block-image size-full\"><img loading=\"lazy\" decoding=\"async\" width=\"962\" height=\"763\" src=\"https:\/\/aurorebagarry.com\/wp-content\/uploads\/2022\/07\/07_11.jpg\" alt=\"\" class=\"wp-image-944\" srcset=\"https:\/\/aurorebagarry.com\/wp-content\/uploads\/2022\/07\/07_11.jpg 962w, https:\/\/aurorebagarry.com\/wp-content\/uploads\/2022\/07\/07_11-300x238.jpg 300w, https:\/\/aurorebagarry.com\/wp-content\/uploads\/2022\/07\/07_11-768x609.jpg 768w, https:\/\/aurorebagarry.com\/wp-content\/uploads\/2022\/07\/07_11-624x495.jpg 624w\" sizes=\"auto, (max-width: 962px) 100vw, 962px\" \/><\/figure>\n\n\n\n<p>PARTNERS AND SUPPORTERS : In 2017, <em>Rocks <\/em>received support from <strong>DRAC Bretagne<\/strong>, Aide Individuelle \u00e0 la Cr\u00e9ation, and also from <strong>Centre d\u2019Art GwinZegal<\/strong> in 2019.<\/p>\n\n\n\n<p>PRESS : <a rel=\"noreferrer noopener\" href=\"https:\/\/www.liberation.fr\/arts\/2019\/07\/16\/affinites-sedimentaires_1740339\/\" target=\"_blank\">Lib\u00e9ration<\/a>, <a href=\"https:\/\/www.artpress.com\/2021\/03\/18\/aurore-bagarry-roches\/\">ArtPress<\/a>, Art Newspaper, <a href=\"https:\/\/lintervalle.blog\/2020\/12\/24\/le-langage-des-roches-par-aurore-bagarry-photographe\/\">l&#8217;Intervalle<\/a>, <a href=\"https:\/\/francefineart.com\/2021\/01\/20\/104_livres_aurore-bagarry\/\">France Fine Art<\/a>, <a href=\"http:\/\/www.lacritique.org\/article-roches-exposition-d-aurore-bagarry\">lacritique.org<\/a>, <a href=\"https:\/\/www.lesechos.fr\/weekend\/livres-expositions\/notre-selection-de-sorties-au-vert-1295584\">Les Echos week end<\/a> , <a href=\"https:\/\/www.negpos.fr\/roche-aurore-bagarry\/\">Fotoloft<\/a>&#8230;<\/p>\n\n\n\n<p>SHOWS : <em><a href=\"https:\/\/gwinzegal.com\/expositions\/l-echapee\">L\u2019\u00e9chap\u00e9e<\/a><\/em>, <strong>Centre d\u2019Art GwinZegal<\/strong>, Guingamp ; <em><a href=\"https:\/\/www.jeunecreation.org\/69e-informations\/\">Jeune Cr\u00e9ation #69<\/a><\/em>, <strong>Fondation Fiminco<\/strong>, Romainville ; <em><a href=\"https:\/\/www.cnap.fr\/depuis-la-terre-ferme\">Depuis la Terre Ferme<\/a>, <\/em><strong>Maison de la Fontaine<\/strong>, Brest ; <strong>Galerie Sit Down, <\/strong>Paris ;<strong> Paris Photo 2021,<\/strong><a href=\"https:\/\/privatebank.jpmorgan.com\/gl\/fr\/insights\/living\/paris-photo-2021-curators-highlights\"><strong> <\/strong>parcours JP Morgan<\/a>; &nbsp;<em><a href=\"https:\/\/www.fracbretagne.fr\/fr\/motifs-raisons-dagir-yoan-sorin-exposition-bretagne-ete-2022\/\">Frac Bretagne en r\u00e9sidence<\/a><\/em>,&nbsp;<strong>Espace Fran\u00e7ois-Mitterand<\/strong>, Guingamp ;<a href=\"https:\/\/www.leschampslibres.fr\/\"> <strong>Les Champs Libres<\/strong><\/a>, Rennes<\/p>\n","protected":false},"excerpt":{"rendered":"<p>Roches, 2016-2020avec le soutien de la Drac Bretagne (Aide Individuelle \u00e0 la Cr\u00e9ation) et le Centre d&#8217;Art Gwinzegal, Guingamp Livre Roches, avec le philosophe Gilles A. Tiberghien, les g\u00e9ologues Patrick De Wever (MNHN) et Marc Fournier (Sorbonne Universit\u00e9). Conception graphique : Marine Le Thellec, fran\u00e7ais\/anglais, 102 pages, 21&#215;26 cm, Editions Gwinzegal, d\u00e9cembre 2020. Ces Blocs de temps fig\u00e9 (extraits) \u2013 Gilles A. Tiberghien En allant, du c\u00f4t\u00e9 fran\u00e7ais, de Calais \u00e0 Brest et en passant par Varengeville, la pointe du Hoc, le cap Levi dans le Cotentin et nombre de bourgades du Finist\u00e8re et des C\u00f4tes-d\u2019Armor, Aurore Bagarry a photographi\u00e9 un paysage \u00ab&nbsp;\u00e0 bout portant&nbsp;\u00bb, pour employer une expression que peut justifier la notion de tir photographique, mais qui dit bien la sensation de brutale mise en pr\u00e9sence ressentie lorsque l\u2019on regarde ces images. En Angleterre, sur l\u2019autre rive de la Manche, de la m\u00eame fa\u00e7on, l\u2019artiste a sym\u00e9triquement parcouru la c\u00f4te vers l\u2019ouest en partant d\u2019Eastbourne jusqu\u2019au cap Lizard en Cornouailles, pour, parvenue \u00e0 l\u2019extr\u00e9mit\u00e9 de la p\u00e9ninsule, revenir vers Maer Cliff pr\u00e8s de Bude, au nord-ouest du Dartmoor National Park, face au pays de Galles.Ce que l\u2019on voit ici est d\u2019une nature ind\u00e9termin\u00e9e et tient aussi bien du relev\u00e9 topographique que de la photographie de paysage. Tr\u00e8s peu de ciel, voire pas du tout dans ces images qu\u2019il est quasi impossible de situer si l\u2019on n\u2019a pas rep\u00e9r\u00e9 sur une carte l\u2019endroit o\u00f9 elles ont \u00e9t\u00e9 prises. Que l\u2019on soit en France ou de l\u2019autre c\u00f4t\u00e9 de la Manche, rien ne permet de le comprendre vraiment.La c\u00f4te semble une gigantesque palette sur laquelle la mer a essay\u00e9 ses couleurs&nbsp;: les mauves se marient aux jaunes et aux verts de chlorophylle et de boue m\u00eal\u00e9es, les ocres l\u00e9preux bourgeonnent de buissons nains, les gris entaill\u00e9s de d\u00e9pressions bleu\u00e2tres semblent s\u2019incliner sous la pouss\u00e9e des vents, les gr\u00e8s sombres vein\u00e9s de rose se d\u00e9coupent sur le ciel gris, les falaises dressent le profil cr\u00e9nel\u00e9 de leurs murailles blanches d\u00e9cap\u00e9es par le sel, leurs tourelles coiff\u00e9es de gazon ras, parfois macul\u00e9es de lichen sombre, ou stri\u00e9es de bandes verticales dessin\u00e9es par les eaux de ruissellement. These Blocks of Frozen Time \u2013 [&hellip;]<\/p>\n","protected":false},"author":1,"featured_media":0,"parent":0,"menu_order":0,"comment_status":"closed","ping_status":"closed","template":"","meta":{"footnotes":""},"class_list":["post-74","page","type-page","status-publish","hentry"],"jetpack_sharing_enabled":true,"_links":{"self":[{"href":"https:\/\/aurorebagarry.com\/index.php\/wp-json\/wp\/v2\/pages\/74","targetHints":{"allow":["GET"]}}],"collection":[{"href":"https:\/\/aurorebagarry.com\/index.php\/wp-json\/wp\/v2\/pages"}],"about":[{"href":"https:\/\/aurorebagarry.com\/index.php\/wp-json\/wp\/v2\/types\/page"}],"author":[{"embeddable":true,"href":"https:\/\/aurorebagarry.com\/index.php\/wp-json\/wp\/v2\/users\/1"}],"replies":[{"embeddable":true,"href":"https:\/\/aurorebagarry.com\/index.php\/wp-json\/wp\/v2\/comments?post=74"}],"version-history":[{"count":36,"href":"https:\/\/aurorebagarry.com\/index.php\/wp-json\/wp\/v2\/pages\/74\/revisions"}],"predecessor-version":[{"id":1638,"href":"https:\/\/aurorebagarry.com\/index.php\/wp-json\/wp\/v2\/pages\/74\/revisions\/1638"}],"wp:attachment":[{"href":"https:\/\/aurorebagarry.com\/index.php\/wp-json\/wp\/v2\/media?parent=74"}],"curies":[{"name":"wp","href":"https:\/\/api.w.org\/{rel}","templated":true}]}}